{"id":17376,"date":"2020-06-22T14:41:53","date_gmt":"2020-06-22T12:41:53","guid":{"rendered":"https:\/\/www.affenberg-salem.de\/anfahrt\/"},"modified":"2024-11-14T13:32:59","modified_gmt":"2024-11-14T12:32:59","slug":"anfahrt","status":"publish","type":"page","link":"https:\/\/www.affenberg-salem.de\/fr\/anfahrt\/","title":{"rendered":"Acc\u00e8s"},"content":{"rendered":"<div id='full_slider_1'  class='avia-fullwidth-slider main_color avia-shadow   avia-builder-el-0  el_before_av_section  avia-builder-el-first   container_wrap sidebar_right'  ><div  class='avia-slideshow av-wvsgs5-bcf4d36e35a68034f146425bb2c0f975 avia-slideshow-extra_large av_slideshow_full avia-fade-slider av-slideshow-ui av-control-default av-slideshow-autoplay av-loop-endless av-loop-manual-endless av-default-height-applied   avia-slideshow-1' data-slideshow-options=\"{&quot;animation&quot;:&quot;fade&quot;,&quot;autoplay&quot;:true,&quot;loop_autoplay&quot;:&quot;endless&quot;,&quot;interval&quot;:5,&quot;loop_manual&quot;:&quot;manual-endless&quot;,&quot;autoplay_stopper&quot;:false,&quot;noNavigation&quot;:false,&quot;bg_slider&quot;:false,&quot;keep_padding&quot;:false,&quot;hoverpause&quot;:false,&quot;show_slide_delay&quot;:0}\"  itemprop=\"image\" itemscope=\"itemscope\" itemtype=\"https:\/\/schema.org\/ImageObject\" ><ul class='avia-slideshow-inner ' style='padding-bottom: 60%;'><li  class='avia-slideshow-slide av-wvsgs5-bcf4d36e35a68034f146425bb2c0f975__0  av-single-slide slide-1 slide-odd'><div data-rel='slideshow-1' class='avia-slide-wrap '   ><img decoding=\"async\" fetchpriority=\"high\" class=\"wp-image-16628 avia-img-lazy-loading-not-16628\"  src=\"https:\/\/www.affenberg-salem.de\/wp-content\/uploads\/2020\/02\/DSC_0047-2-1.jpg\" width=\"1500\" height=\"900\" title='DSC_0047 2' alt=''  itemprop=\"thumbnailUrl\" srcset=\"https:\/\/www.affenberg-salem.de\/wp-content\/uploads\/2020\/02\/DSC_0047-2-1.jpg 1500w, https:\/\/www.affenberg-salem.de\/wp-content\/uploads\/2020\/02\/DSC_0047-2-1-300x180.jpg 300w, https:\/\/www.affenberg-salem.de\/wp-content\/uploads\/2020\/02\/DSC_0047-2-1-1030x618.jpg 1030w, https:\/\/www.affenberg-salem.de\/wp-content\/uploads\/2020\/02\/DSC_0047-2-1-705x423.jpg 705w\" sizes=\"(max-width: 1500px) 100vw, 1500px\" \/><\/div><\/li><\/ul><\/div><\/div>\n<div id='av_section_1'  class='avia-section av-19xf6r9-844c760ada434f9a8192600dbd3a5385 main_color avia-section-default avia-no-border-styling  avia-builder-el-1  el_after_av_slideshow_full  avia-builder-el-last  avia-bg-style-scroll container_wrap sidebar_right'  ><div class='container av-section-cont-open' ><div class='template-page content  av-content-small alpha units'><div class='post-entry post-entry-type-page post-entry-17376'><div class='entry-content-wrapper clearfix'>\n\n<style type=\"text\/css\" data-created_by=\"avia_inline_auto\" id=\"style-css-av-2s7jsl-1a21e1e783f58c26ade91e432bb087da\">\n.flex_column.av-2s7jsl-1a21e1e783f58c26ade91e432bb087da{\nborder-radius:0px 0px 0px 0px;\npadding:0px 0px 0px 0px;\n}\n<\/style>\n<div  class='flex_column av-2s7jsl-1a21e1e783f58c26ade91e432bb087da av_one_third  avia-builder-el-2  el_before_av_two_third  avia-builder-el-first  first flex_column_div av-zero-column-padding  '     ><div  class='avia-builder-widget-area clearfix  avia-builder-el-3  avia-builder-el-no-sibling '><div id=\"custom_html-11\" class=\"widget_text widget clearfix widget_custom_html\"><div class=\"textwidget custom-html-widget\"><div class=\"besuchplanen\">Plan your visit<\/div><\/div><\/div><div id=\"nav_menu-4\" class=\"widget clearfix widget_nav_menu\"><div class=\"menu-quickmenu1-englisch-container\"><ul id=\"menu-quickmenu1-englisch\" class=\"menu\"><li id=\"menu-item-16722\" class=\"menu-item menu-item-type-post_type menu-item-object-page menu-item-16722\"><a href=\"https:\/\/www.affenberg-salem.de\/en\/opening-times\/\">Opening Times &#038; Ticket Prices<\/a><\/li>\n<li id=\"menu-item-21670\" class=\"menu-item menu-item-type-post_type menu-item-object-page menu-item-21670\"><a href=\"https:\/\/www.affenberg-salem.de\/en\/treewalk-optional\/\">Treewalk (optional)<\/a><\/li>\n<li id=\"menu-item-16724\" class=\"menu-item menu-item-type-post_type menu-item-object-page menu-item-16724\"><a href=\"https:\/\/www.affenberg-salem.de\/en\/directions\/\">Find us<\/a><\/li>\n<li id=\"menu-item-16725\" class=\"menu-item menu-item-type-post_type menu-item-object-page menu-item-16725\"><a href=\"https:\/\/www.affenberg-salem.de\/en\/feeding-times\/\">Feeding times<\/a><\/li>\n<li id=\"menu-item-16726\" class=\"menu-item menu-item-type-post_type menu-item-object-page menu-item-16726\"><a href=\"https:\/\/www.affenberg-salem.de\/en\/groups-and-education-visits\/\">Groups and education visits<\/a><\/li>\n<li id=\"menu-item-16727\" class=\"menu-item menu-item-type-post_type menu-item-object-page menu-item-16727\"><a href=\"https:\/\/www.affenberg-salem.de\/en\/weather\/\">Weather<\/a><\/li>\n<li id=\"menu-item-16728\" class=\"menu-item menu-item-type-post_type menu-item-object-page menu-item-16728\"><a href=\"https:\/\/www.affenberg-salem.de\/en\/faq\/\">FAQ<\/a><\/li>\n<li id=\"menu-item-16729\" class=\"menu-item menu-item-type-post_type menu-item-object-page menu-item-16729\"><a href=\"https:\/\/www.affenberg-salem.de\/en\/map-and-flyer\/\">Map and flyer<\/a><\/li>\n<li id=\"menu-item-16730\" class=\"menu-item menu-item-type-post_type menu-item-object-page menu-item-16730\"><a href=\"https:\/\/www.affenberg-salem.de\/en\/photo-contest\/\">Photo contest<\/a><\/li>\n<\/ul><\/div><\/div><\/div><\/div>\n<style type=\"text\/css\" data-created_by=\"avia_inline_auto\" id=\"style-css-av-2s7jsl-445dc3777775b618a977138d7ca5c8d2\">\n.flex_column.av-2s7jsl-445dc3777775b618a977138d7ca5c8d2{\nborder-radius:0px 0px 0px 0px;\npadding:0px 0px 0px 0px;\n}\n<\/style>\n<div  class='flex_column av-2s7jsl-445dc3777775b618a977138d7ca5c8d2 av_two_third  avia-builder-el-4  el_after_av_one_third  avia-builder-el-last  flex_column_div av-zero-column-padding  '     ><p>\n<style type=\"text\/css\" data-created_by=\"avia_inline_auto\" id=\"style-css-av-av_heading-18c385b244a79452ccb7167597cc4fd7\">\n#top .av-special-heading.av-av_heading-18c385b244a79452ccb7167597cc4fd7{\npadding-bottom:10px;\n}\nbody .av-special-heading.av-av_heading-18c385b244a79452ccb7167597cc4fd7 .av-special-heading-tag .heading-char{\nfont-size:25px;\n}\n.av-special-heading.av-av_heading-18c385b244a79452ccb7167597cc4fd7 .av-subheading{\nfont-size:15px;\n}\n<\/style>\n<div  class='av-special-heading av-av_heading-18c385b244a79452ccb7167597cc4fd7 av-special-heading-h1  avia-builder-el-5  el_before_av_codeblock  avia-builder-el-first '><h1 class='av-special-heading-tag '  itemprop=\"headline\"  >O\u00f9 nous trouver<\/h1><div class=\"special-heading-border\"><div class=\"special-heading-inner-border\"><\/div><\/div><\/div><br \/>\n<br \/>\n<section  class='av_textblock_section av-k66ist3q-c4e12c54e2440a73fcf0eb2a4f903c1d '   itemscope=\"itemscope\" itemtype=\"https:\/\/schema.org\/CreativeWork\" ><div class='avia_textblock'  itemprop=\"text\" ><h6>Affenberg Salem<\/h6>\n<h6>Mendlishauser Hof<\/h6>\n<h6>88682 Salem<\/h6>\n<\/div><\/section><br \/>\n\n<style type=\"text\/css\" data-created_by=\"avia_inline_auto\" id=\"style-css-av-k5qqft70-a7c88d45e7b64f60717265d2b3cc5a7a\">\n#top .togglecontainer.av-k5qqft70-a7c88d45e7b64f60717265d2b3cc5a7a p.toggler{\nbackground-color:rgba(131,168,70,0.1);\nborder-color:#83a846;\n}\n#top .togglecontainer.av-k5qqft70-a7c88d45e7b64f60717265d2b3cc5a7a p.toggler.activeTitle{\ncolor:#ffffff;\nborder-color:#ffffff;\nbackground-color:#83a846;\n}\n#top .togglecontainer.av-k5qqft70-a7c88d45e7b64f60717265d2b3cc5a7a .toggle_wrap .toggle_content{\nbackground-color:rgba(131,168,70,0.1);\nborder-color:#83a846;\n}\n<\/style>\n<div  class='togglecontainer av-k5qqft70-a7c88d45e7b64f60717265d2b3cc5a7a av-minimal-toggle  avia-builder-el-8  el_after_av_textblock  el_before_av_hr  hasCurrentStyle' >\n<section class='av_toggle_section av-av_toggle-6e99cab60dbb8f859957f66cc49fa953'  itemscope=\"itemscope\" itemtype=\"https:\/\/schema.org\/CreativeWork\" ><div role=\"tablist\" class=\"single_toggle\" data-tags=\"{All} \"  ><p id='toggle-toggle-id-1' data-fake-id='#toggle-id-1' class='toggler  av-title-above av-inherit-border-color'  itemprop=\"headline\"  role='tab' tabindex='0' aria-controls='toggle-id-1' data-slide-speed=\"200\" data-title=\"En voiture\/en bus de tourisme\" data-title-open=\"\" data-aria_collapsed=\"Click to expand: En voiture\/en bus de tourisme\" data-aria_expanded=\"Click to collapse: En voiture\/en bus de tourisme\">En voiture\/en bus de tourisme<span class=\"toggle_icon\"><span class=\"vert_icon\"><\/span><span class=\"hor_icon\"><\/span><\/span><\/p><div id='toggle-id-1' aria-labelledby='toggle-toggle-id-1' role='region' class='toggle_wrap  av-title-above'  ><div class='toggle_content invers-color av-inherit-border-color'  itemprop=\"text\" ><p>Affenberg se trouve sur Kreisstrasse K7765, entre Oberuhldingen et Salem-T\u00fcfingen.<\/p>\n<p>Avec un syst\u00e8me de navigation: 88682 Salem, \u201eMendlishausen\u201c oder \u201eMendlishauser Hof\u201c. Les nouvelles versions de syst\u00e8mes de navigation trouvent aussi \u201eAffenberg Salem\u201c.<\/p>\n<\/div><\/div><\/div><\/section>\n<section class='av_toggle_section av-lg50flzb-e007bd25d2745deabb4a937f9d0a0c84'  itemscope=\"itemscope\" itemtype=\"https:\/\/schema.org\/CreativeWork\" ><div role=\"tablist\" class=\"single_toggle\" data-tags=\"{All} \"  ><p id='toggle-toggle-id-2' data-fake-id='#toggle-id-2' class='toggler  av-title-above av-inherit-border-color'  itemprop=\"headline\"  role='tab' tabindex='0' aria-controls='toggle-id-2' data-slide-speed=\"200\" data-title=\"En transport en commun (train, bus)\" data-title-open=\"\" data-aria_collapsed=\"Click to expand: En transport en commun (train, bus)\" data-aria_expanded=\"Click to collapse: En transport en commun (train, bus)\">En transport en commun (train, bus)<span class=\"toggle_icon\"><span class=\"vert_icon\"><\/span><span class=\"hor_icon\"><\/span><\/span><\/p><div id='toggle-id-2' aria-labelledby='toggle-toggle-id-2' role='region' class='toggle_wrap  av-title-above'  ><div class='toggle_content invers-color av-inherit-border-color'  itemprop=\"text\" ><p>Les renseignements de voyage dans les gares vous donnent les informations n\u00e9c\u00e9ssaires pour r\u00e9aliser votre d\u00e9placement avec le transport public, aussi bien en train, en ferry, qu\u2019avec le bus.<\/p>\n<p><a href=\"https:\/\/www.bahn.com\/fr\"><u>Informations de voyage<\/u><\/a><\/p>\n<\/div><\/div><\/div><\/section>\n<section class='av_toggle_section av-m3haj6ha-59ed516f0f8a0f38f4fb263776184243'  itemscope=\"itemscope\" itemtype=\"https:\/\/schema.org\/CreativeWork\" ><div role=\"tablist\" class=\"single_toggle\" data-tags=\"{All} \"  ><p id='toggle-toggle-id-3' data-fake-id='#toggle-id-3' class='toggler  av-title-above av-inherit-border-color'  itemprop=\"headline\"  role='tab' tabindex='0' aria-controls='toggle-id-3' data-slide-speed=\"200\" data-title=\"Avec le ferry\" data-title-open=\"\" data-aria_collapsed=\"Click to expand: Avec le ferry\" data-aria_expanded=\"Click to collapse: Avec le ferry\">Avec le ferry<span class=\"toggle_icon\"><span class=\"vert_icon\"><\/span><span class=\"hor_icon\"><\/span><\/span><\/p><div id='toggle-id-3' aria-labelledby='toggle-toggle-id-3' role='region' class='toggle_wrap  av-title-above'  ><div class='toggle_content invers-color av-inherit-border-color'  itemprop=\"text\" ><p>Pour les informations sur les jours et horaires du Ferry:<\/p>\n<p><a href=\"https:\/\/www.bsb.de\/de\/bodensee-faehre\"><u>Cliquez ici pour la connexion Romanshorn-Friedrichshafen<\/u><\/a><\/p>\n<p><a href=\"https:\/\/www.stadtwerke-konstanz.de\/faehre\/fahrplan\/\"><u>Cliquez ici pour la connexion Konstanz-Meersburg<\/u><\/a><\/p>\n<\/div><\/div><\/div><\/section>\n<section class='av_toggle_section av-m3haj9uv-16a3c2f02200d882842be235c81a18d7'  itemscope=\"itemscope\" itemtype=\"https:\/\/schema.org\/CreativeWork\" ><div role=\"tablist\" class=\"single_toggle\" data-tags=\"{All} \"  ><p id='toggle-toggle-id-4' data-fake-id='#toggle-id-4' class='toggler  av-title-above av-inherit-border-color'  itemprop=\"headline\"  role='tab' tabindex='0' aria-controls='toggle-id-4' data-slide-speed=\"200\" data-title=\"Avec le bateau\" data-title-open=\"\" data-aria_collapsed=\"Click to expand: Avec le bateau\" data-aria_expanded=\"Click to collapse: Avec le bateau\">Avec le bateau<span class=\"toggle_icon\"><span class=\"vert_icon\"><\/span><span class=\"hor_icon\"><\/span><\/span><\/p><div id='toggle-id-4' aria-labelledby='toggle-toggle-id-4' role='region' class='toggle_wrap  av-title-above'  ><div class='toggle_content invers-color av-inherit-border-color'  itemprop=\"text\" ><p>Les informations sur les trajets par bateaux sont \u00e9nonc\u00e9es par:<\/p>\n<p><a href=\"https:\/\/www.bsb.de\/de\">Bodensee-Schiffsbetriebe (BSB) <\/a><\/p>\n<p><a href=\"https:\/\/sbsag.ch\/pages\/kursschifffahrt\">Schweizerische Bodensee Schifffahrt<\/a><\/p>\n<p><a href=\"https:\/\/www.vorarlberg-lines.at\/de\/kursverkehr\/fahrplan-und-preise\">Vorarlberg Lines<\/a><\/p>\n<\/div><\/div><\/div><\/section>\n<section class='av_toggle_section av-av_toggle-2457cb7c8f2957873e36a36ac20d2dae'  itemscope=\"itemscope\" itemtype=\"https:\/\/schema.org\/CreativeWork\" ><div role=\"tablist\" class=\"single_toggle\" data-tags=\"{All} \"  ><p id='toggle-toggle-id-5' data-fake-id='#toggle-id-5' class='toggler  av-title-above av-inherit-border-color'  itemprop=\"headline\"  role='tab' tabindex='0' aria-controls='toggle-id-5' data-slide-speed=\"200\" data-title=\"\u00c0 pied\" data-title-open=\"\" data-aria_collapsed=\"Click to expand: \u00c0 pied\" data-aria_expanded=\"Click to collapse: \u00c0 pied\">\u00c0 pied<span class=\"toggle_icon\"><span class=\"vert_icon\"><\/span><span class=\"hor_icon\"><\/span><\/span><\/p><div id='toggle-id-5' aria-labelledby='toggle-toggle-id-5' role='region' class='toggle_wrap  av-title-above'  ><div class='toggle_content invers-color av-inherit-border-color'  itemprop=\"text\" ><p>Affenberg se trouve \u00e0 3 km de la gare d\u2019Uhldingen-M\u00fchlhofen, et \u00e0 5km de la gare de Salem.<\/p>\n<\/div><\/div><\/div><\/section>\n<\/div><br \/>\n\n<style type=\"text\/css\" data-created_by=\"avia_inline_auto\" id=\"style-css-av-k668qhth-ac189dad83e8bec728a74f5bfade587b\">\n#top .hr.hr-invisible.av-k668qhth-ac189dad83e8bec728a74f5bfade587b{\nheight:20px;\n}\n<\/style>\n<div  class='hr av-k668qhth-ac189dad83e8bec728a74f5bfade587b hr-invisible  avia-builder-el-9  el_after_av_toggle_container  el_before_av_textblock '><span class='hr-inner '><span class=\"hr-inner-style\"><\/span><\/span><\/div><br \/>\n<section  class='av_textblock_section av-k5z71mhl-cdb551fee2d511d3c0d125570ed85900 '   itemscope=\"itemscope\" itemtype=\"https:\/\/schema.org\/CreativeWork\" ><div class='avia_textblock'  itemprop=\"text\" ><p>\n<style type=\"text\/css\" data-created_by=\"avia_inline_auto\" id=\"style-css-av-1kdtfit-cd1064edc50d60f7bb4b361c9bc4d57f\">\n.av_font_icon.av-1kdtfit-cd1064edc50d60f7bb4b361c9bc4d57f{\ncolor:#83a846;\nborder-color:#83a846;\n}\n.avia-svg-icon.av-1kdtfit-cd1064edc50d60f7bb4b361c9bc4d57f svg:first-child{\nstroke:#83a846;\nfill:#83a846;\n}\n.av_font_icon.av-1kdtfit-cd1064edc50d60f7bb4b361c9bc4d57f .av-icon-char{\nfont-size:20px;\nline-height:20px;\n}\n<\/style>\n<span  class='av_font_icon av-1kdtfit-cd1064edc50d60f7bb4b361c9bc4d57f avia_animate_when_visible av-icon-style- avia-icon-pos-right avia-iconfont avia-font-entypo-fontello avia-icon-animate'><span class='av-icon-char' data-av_icon='\ue875' data-av_iconfont='entypo-fontello' aria-hidden=\"true\" ><\/span><\/span>\n<style type=\"text\/css\" data-created_by=\"avia_inline_auto\" id=\"style-css-av-164ls2d-8e1cbda62b6ae2c8b2975813f527df97\">\n.av_font_icon.av-164ls2d-8e1cbda62b6ae2c8b2975813f527df97{\ncolor:#83a846;\nborder-color:#83a846;\n}\n.avia-svg-icon.av-164ls2d-8e1cbda62b6ae2c8b2975813f527df97 svg:first-child{\nstroke:#83a846;\nfill:#83a846;\n}\n.av_font_icon.av-164ls2d-8e1cbda62b6ae2c8b2975813f527df97 .av-icon-char{\nfont-size:20px;\nline-height:20px;\n}\n<\/style>\n<span  class='av_font_icon av-164ls2d-8e1cbda62b6ae2c8b2975813f527df97 avia_animate_when_visible av-icon-style- avia-icon-pos-right avia-iconfont avia-font-entypo-fontello avia-icon-animate'><span class='av-icon-char' data-av_icon='\ue875' data-av_iconfont='entypo-fontello' aria-hidden=\"true\" ><\/span><\/span>\n<style type=\"text\/css\" data-created_by=\"avia_inline_auto\" id=\"style-css-av-i8aexh-9f23db66aefd08c90055e35639425cb4\">\n.av_font_icon.av-i8aexh-9f23db66aefd08c90055e35639425cb4{\ncolor:#83a846;\nborder-color:#83a846;\n}\n.avia-svg-icon.av-i8aexh-9f23db66aefd08c90055e35639425cb4 svg:first-child{\nstroke:#83a846;\nfill:#83a846;\n}\n.av_font_icon.av-i8aexh-9f23db66aefd08c90055e35639425cb4 .av-icon-char{\nfont-size:20px;\nline-height:20px;\n}\n<\/style>\n<span  class='av_font_icon av-i8aexh-9f23db66aefd08c90055e35639425cb4 avia_animate_when_visible av-icon-style- avia-icon-pos-right avia-iconfont avia-font-entypo-fontello avia-icon-animate'><span class='av-icon-char' data-av_icon='\ue875' data-av_iconfont='entypo-fontello' aria-hidden=\"true\" ><\/span><\/span><\/p>\n<p style=\"text-align: right;\"><u style=\"text-align: right;\"><a href=\"https:\/\/www.affenberg-salem.de\/fr\/les-seances-de-nourrissage\/\"><u>Les s\u00e9ances de nourrissage<\/u><\/a><\/u><\/p>\n<\/div><\/section><\/p><\/div><\/div><\/div><\/div><!-- close content main div --><\/div><\/div><div id='after_section_1'  class='main_color av_default_container_wrap container_wrap sidebar_right'  ><div class='container av-section-cont-open' ><div class='template-page content  av-content-small alpha units'><div class='post-entry post-entry-type-page post-entry-17376'><div class='entry-content-wrapper clearfix'>\n","protected":false},"excerpt":{"rendered":"","protected":false},"author":3,"featured_media":0,"parent":0,"menu_order":0,"comment_status":"closed","ping_status":"closed","template":"","meta":{"footnotes":""},"class_list":["post-17376","page","type-page","status-publish","hentry"],"_links":{"self":[{"href":"https:\/\/www.affenberg-salem.de\/en\/wp-json\/wp\/v2\/pages\/17376","targetHints":{"allow":["GET"]}}],"collection":[{"href":"https:\/\/www.affenberg-salem.de\/en\/wp-json\/wp\/v2\/pages"}],"about":[{"href":"https:\/\/www.affenberg-salem.de\/en\/wp-json\/wp\/v2\/types\/page"}],"author":[{"embeddable":true,"href":"https:\/\/www.affenberg-salem.de\/en\/wp-json\/wp\/v2\/users\/3"}],"replies":[{"embeddable":true,"href":"https:\/\/www.affenberg-salem.de\/en\/wp-json\/wp\/v2\/comments?post=17376"}],"version-history":[{"count":0,"href":"https:\/\/www.affenberg-salem.de\/en\/wp-json\/wp\/v2\/pages\/17376\/revisions"}],"wp:attachment":[{"href":"https:\/\/www.affenberg-salem.de\/en\/wp-json\/wp\/v2\/media?parent=17376"}],"curies":[{"name":"wp","href":"https:\/\/api.w.org\/{rel}","templated":true}]}}