{"id":17416,"date":"2020-06-23T13:07:57","date_gmt":"2020-06-23T11:07:57","guid":{"rendered":"https:\/\/www.affenberg-salem.de\/damwild\/"},"modified":"2024-11-14T13:38:48","modified_gmt":"2024-11-14T12:38:48","slug":"les-daims","status":"publish","type":"page","link":"https:\/\/www.affenberg-salem.de\/fr\/les-daims\/","title":{"rendered":"Les daims"},"content":{"rendered":"<div id='full_slider_1'  class='avia-fullwidth-slider main_color avia-shadow   avia-builder-el-0  el_before_av_section  avia-builder-el-first   container_wrap sidebar_right'  ><div  class='avia-slideshow av-k5z536er-46f0389a16abbb5af1a097b30590ecf4 avia-slideshow-extra_large av_slideshow_full avia-slide-slider av-slideshow-ui av-control-default av-slideshow-manual av-loop-once av-loop-manual-endless av-default-height-applied   avia-slideshow-1' data-slideshow-options=\"{&quot;animation&quot;:&quot;slide&quot;,&quot;autoplay&quot;:false,&quot;loop_autoplay&quot;:&quot;once&quot;,&quot;interval&quot;:5,&quot;loop_manual&quot;:&quot;manual-endless&quot;,&quot;autoplay_stopper&quot;:false,&quot;noNavigation&quot;:false,&quot;bg_slider&quot;:false,&quot;keep_padding&quot;:false,&quot;hoverpause&quot;:false,&quot;show_slide_delay&quot;:0}\"  itemprop=\"image\" itemscope=\"itemscope\" itemtype=\"https:\/\/schema.org\/ImageObject\" ><ul class='avia-slideshow-inner ' style='padding-bottom: 60%;'><li  class='avia-slideshow-slide av-k5z536er-46f0389a16abbb5af1a097b30590ecf4__0  av-single-slide slide-1 slide-odd'><div data-rel='slideshow-1' class='avia-slide-wrap '   ><img decoding=\"async\" fetchpriority=\"high\" class=\"wp-image-20494 avia-img-lazy-loading-not-20494\"  src=\"https:\/\/www.affenberg-salem.de\/wp-content\/uploads\/2020\/02\/IMG_0143.jpg\" width=\"1500\" height=\"900\" title='' alt=''  itemprop=\"thumbnailUrl\" srcset=\"https:\/\/www.affenberg-salem.de\/wp-content\/uploads\/2020\/02\/IMG_0143.jpg 1500w, https:\/\/www.affenberg-salem.de\/wp-content\/uploads\/2020\/02\/IMG_0143-300x180.jpg 300w, https:\/\/www.affenberg-salem.de\/wp-content\/uploads\/2020\/02\/IMG_0143-1030x618.jpg 1030w, https:\/\/www.affenberg-salem.de\/wp-content\/uploads\/2020\/02\/IMG_0143-705x423.jpg 705w\" sizes=\"(max-width: 1500px) 100vw, 1500px\" \/><\/div><\/li><\/ul><\/div><\/div>\n<div id='av_section_1'  class='avia-section av-2d7foto-368d7c3f0b10e2ea37a7c61fc73da4a0 main_color avia-section-default avia-no-border-styling  avia-builder-el-1  el_after_av_slideshow_full  avia-builder-el-last  avia-bg-style-scroll container_wrap sidebar_right'  ><div class='container av-section-cont-open' ><div class='template-page content  av-content-small alpha units'><div class='post-entry post-entry-type-page post-entry-17416'><div class='entry-content-wrapper clearfix'>\n\n<style type=\"text\/css\" data-created_by=\"avia_inline_auto\" id=\"style-css-av-22rp0y4-d0de0de4bdc59dbf1ba178b9e815770b\">\n.flex_column.av-22rp0y4-d0de0de4bdc59dbf1ba178b9e815770b{\nborder-radius:0px 0px 0px 0px;\npadding:0px 0px 0px 0px;\n}\n<\/style>\n<div  class='flex_column av-22rp0y4-d0de0de4bdc59dbf1ba178b9e815770b av_one_third  avia-builder-el-2  el_before_av_two_third  avia-builder-el-first  first flex_column_div av-zero-column-padding  '     ><p>\n<style type=\"text\/css\" data-created_by=\"avia_inline_auto\" id=\"style-css-av-k7nj6rvj-7a29a43b6f7eefe7a0e5ccb664c04d81\">\n#top .hr.hr-invisible.av-k7nj6rvj-7a29a43b6f7eefe7a0e5ccb664c04d81{\nheight:50px;\n}\n<\/style>\n<div  class='hr av-k7nj6rvj-7a29a43b6f7eefe7a0e5ccb664c04d81 hr-invisible  avia-builder-el-3  el_before_av_sidebar  avia-builder-el-first '><span class='hr-inner '><span class=\"hr-inner-style\"><\/span><\/span><\/div><br \/>\n<div  class='avia-builder-widget-area clearfix  avia-builder-el-4  el_after_av_hr  avia-builder-el-last '><div id=\"custom_html-12\" class=\"widget_text widget clearfix widget_custom_html\"><div class=\"textwidget custom-html-widget\"><div class=\"besuchplanen\">Infos pratiques<\/div><\/div><\/div><div id=\"nav_menu-4\" class=\"widget clearfix widget_nav_menu\"><div class=\"menu-quickmenu1-franzoesisch-container\"><ul id=\"menu-quickmenu1-franzoesisch\" class=\"menu\"><li id=\"menu-item-17662\" class=\"menu-item menu-item-type-post_type menu-item-object-page menu-item-17662\"><a href=\"https:\/\/www.affenberg-salem.de\/fr\/horaires-tarifs\/\">Horaires &#038; Tarifs<\/a><\/li>\n<li id=\"menu-item-17664\" class=\"menu-item menu-item-type-post_type menu-item-object-page menu-item-17664\"><a href=\"https:\/\/www.affenberg-salem.de\/fr\/anfahrt\/\">Acc\u00e8s<\/a><\/li>\n<li id=\"menu-item-17665\" class=\"menu-item menu-item-type-post_type menu-item-object-page menu-item-17665\"><a href=\"https:\/\/www.affenberg-salem.de\/fr\/les-seances-de-nourrissage\/\">Les s\u00e9ances de nourrissage<\/a><\/li>\n<li id=\"menu-item-17666\" class=\"menu-item menu-item-type-post_type menu-item-object-page menu-item-17666\"><a href=\"https:\/\/www.affenberg-salem.de\/fr\/groupes-et-groupes-scolaires\/\">Groupes et groupes scolaires<\/a><\/li>\n<li id=\"menu-item-17667\" class=\"menu-item menu-item-type-post_type menu-item-object-page menu-item-17667\"><a href=\"https:\/\/www.affenberg-salem.de\/fr\/le-temps\/\">Le temps<\/a><\/li>\n<li id=\"menu-item-17668\" class=\"menu-item menu-item-type-post_type menu-item-object-page menu-item-17668\"><a href=\"https:\/\/www.affenberg-salem.de\/fr\/faq\/\">FAQ<\/a><\/li>\n<li id=\"menu-item-17669\" class=\"menu-item menu-item-type-post_type menu-item-object-page menu-item-17669\"><a href=\"https:\/\/www.affenberg-salem.de\/fr\/plan-du-parc\/\">Plan du parc<\/a><\/li>\n<\/ul><\/div><\/div><\/div><\/p><\/div>\n<style type=\"text\/css\" data-created_by=\"avia_inline_auto\" id=\"style-css-av-1oy52p8-b248c540d0b486a003a3826e95c25013\">\n.flex_column.av-1oy52p8-b248c540d0b486a003a3826e95c25013{\nborder-radius:0px 0px 0px 0px;\npadding:0px 0px 0px 0px;\n}\n<\/style>\n<div  class='flex_column av-1oy52p8-b248c540d0b486a003a3826e95c25013 av_two_third  avia-builder-el-5  el_after_av_one_third  avia-builder-el-last  flex_column_div av-zero-column-padding  '     ><p>\n<style type=\"text\/css\" data-created_by=\"avia_inline_auto\" id=\"style-css-av-kbrttg1m-3496ac0ee0f2532df62e36776011292b\">\n#top .av-special-heading.av-kbrttg1m-3496ac0ee0f2532df62e36776011292b{\npadding-bottom:10px;\n}\nbody .av-special-heading.av-kbrttg1m-3496ac0ee0f2532df62e36776011292b .av-special-heading-tag .heading-char{\nfont-size:25px;\n}\n.av-special-heading.av-kbrttg1m-3496ac0ee0f2532df62e36776011292b .av-subheading{\nfont-size:15px;\n}\n<\/style>\n<div  class='av-special-heading av-kbrttg1m-3496ac0ee0f2532df62e36776011292b av-special-heading-h1  avia-builder-el-6  el_before_av_hr  avia-builder-el-first '><h1 class='av-special-heading-tag '  itemprop=\"headline\"  >Les daims<\/h1><div class=\"special-heading-border\"><div class=\"special-heading-inner-border\"><\/div><\/div><\/div><br \/>\n\n<style type=\"text\/css\" data-created_by=\"avia_inline_auto\" id=\"style-css-av-k62ah26c-149455309c91d8cef340cb7d7759164a\">\n#top .hr.hr-invisible.av-k62ah26c-149455309c91d8cef340cb7d7759164a{\nheight:10px;\n}\n<\/style>\n<div  class='hr av-k62ah26c-149455309c91d8cef340cb7d7759164a hr-invisible  avia-builder-el-7  el_after_av_heading  el_before_av_textblock '><span class='hr-inner '><span class=\"hr-inner-style\"><\/span><\/span><\/div><br \/>\n<section  class='av_textblock_section av-k5z4ivp0-eb65d672933982b17b8f4aef7997037f '   itemscope=\"itemscope\" itemtype=\"https:\/\/schema.org\/CreativeWork\" ><div class='avia_textblock'  itemprop=\"text\" ><p>\u201eEmil\u201c, le grand m\u00e2le et chef de notre troupeau de daims, vit dans notre enclos avec vingt daines et leurs petits. Ils sont particuli\u00e8rement joli pendant l\u2019\u00e9t\u00e9 avec la couleur rousse tach\u00e9e de blanche de leur robe. Le daim, contrairement \u00e0 tous les autres esp\u00e8ces de cerfs, qui sont tach\u00e9es de blanche seulement pendant la phase juv\u00e9nile, garde ces taches (qui sont bien nettes pendant l\u2019\u00e9t\u00e9) toute leur vie. La couleur de la robe change en marron fonc\u00e9e durant l\u2019hiver.<\/p>\n<\/div><\/section><br \/>\n<div  class='avia-slideshow av-113qap8-e2f99ce6607ed63cea09c4ad9b9f904e avia-slideshow-gallery av_slideshow avia-slide-slider  avia-builder-el-9  el_after_av_textblock  el_before_av_textblock  av-slideshow-ui av-control-minimal av-slideshow-autoplay av-loop-endless av-loop-manual-endless av-default-height-applied avia-slideshow-2' data-slideshow-options=\"{&quot;animation&quot;:&quot;slide&quot;,&quot;autoplay&quot;:true,&quot;loop_autoplay&quot;:&quot;endless&quot;,&quot;interval&quot;:5,&quot;loop_manual&quot;:&quot;manual-endless&quot;,&quot;autoplay_stopper&quot;:false,&quot;noNavigation&quot;:false,&quot;bg_slider&quot;:false,&quot;keep_padding&quot;:false,&quot;hoverpause&quot;:false,&quot;show_slide_delay&quot;:0}\"  itemprop=\"image\" itemscope=\"itemscope\" itemtype=\"https:\/\/schema.org\/ImageObject\" ><ul class='avia-slideshow-inner ' style='padding-bottom: 78.8165680473%;'><li  class='avia-slideshow-slide av-113qap8-e2f99ce6607ed63cea09c4ad9b9f904e__1  slide-1 slide-odd'><div data-rel='slideshow-2' class='avia-slide-wrap '   ><img decoding=\"async\" fetchpriority=\"high\" class=\"wp-image-20444 avia-img-lazy-loading-not-20444\"  src=\"https:\/\/www.affenberg-salem.de\/wp-content\/uploads\/2020\/01\/IMG_2837-845x666.jpg\" width=\"845\" height=\"666\" title='' alt=''  itemprop=\"thumbnailUrl\"   \/><\/div><\/li><li  class='avia-slideshow-slide av-113qap8-e2f99ce6607ed63cea09c4ad9b9f904e__2  slide-2 slide-even'><div data-rel='slideshow-2' class='avia-slide-wrap '   ><img decoding=\"async\" fetchpriority=\"high\" class=\"wp-image-20442 avia-img-lazy-loading-not-20442\"  src=\"https:\/\/www.affenberg-salem.de\/wp-content\/uploads\/2020\/01\/DSC_1631-845x666.jpg\" width=\"845\" height=\"666\" title='' alt=''  itemprop=\"thumbnailUrl\"   \/><\/div><\/li><li  class='avia-slideshow-slide av-113qap8-e2f99ce6607ed63cea09c4ad9b9f904e__3  slide-3 slide-odd'><div data-rel='slideshow-2' class='avia-slide-wrap '   ><img decoding=\"async\" fetchpriority=\"high\" class=\"wp-image-20443 avia-img-lazy-loading-not-20443\"  src=\"https:\/\/www.affenberg-salem.de\/wp-content\/uploads\/2020\/01\/IMG_2781-845x666.jpg\" width=\"845\" height=\"666\" title='' alt=''  itemprop=\"thumbnailUrl\"   \/><\/div><\/li><li  class='avia-slideshow-slide av-113qap8-e2f99ce6607ed63cea09c4ad9b9f904e__4  slide-4 slide-even'><div data-rel='slideshow-2' class='avia-slide-wrap '   ><img decoding=\"async\" fetchpriority=\"high\" class=\"wp-image-20445 avia-img-lazy-loading-not-20445\"  src=\"https:\/\/www.affenberg-salem.de\/wp-content\/uploads\/2020\/01\/Julia_Breuer_3-845x666.jpg\" width=\"845\" height=\"666\" title='SONY DSC' alt=''  itemprop=\"thumbnailUrl\"   \/><\/div><\/li><\/ul><div class='avia-slideshow-arrows avia-slideshow-controls' ><a href='#prev' class='prev-slide  avia-svg-icon avia-font-svg_entypo-fontello' data-av_svg_icon='left-open-big' data-av_iconset='svg_entypo-fontello' tabindex='-1' title=\"Pr\u00e9c\u00e9dent\"><svg version=\"1.1\" xmlns=\"http:\/\/www.w3.org\/2000\/svg\" width=\"15\" height=\"32\" viewBox=\"0 0 15 32\" preserveAspectRatio=\"xMidYMid meet\" aria-labelledby='av-svg-title-1' aria-describedby='av-svg-desc-1' role=\"graphics-symbol\" aria-hidden=\"true\">\n<title id='av-svg-title-1'>Pr\u00e9c\u00e9dent<\/title>\n<desc id='av-svg-desc-1'>Pr\u00e9c\u00e9dent<\/desc>\n<path d=\"M14.464 27.84q0.832 0.832 0 1.536-0.832 0.832-1.536 0l-12.544-12.608q-0.768-0.768 0-1.6l12.544-12.608q0.704-0.832 1.536 0 0.832 0.704 0 1.536l-11.456 11.904z\"><\/path>\n<\/svg><span class='avia_hidden_link_text'>Pr\u00e9c\u00e9dent<\/span><\/a><a href='#next' class='next-slide  avia-svg-icon avia-font-svg_entypo-fontello' data-av_svg_icon='right-open-big' data-av_iconset='svg_entypo-fontello' tabindex='-1' title=\"Suivant\"><svg version=\"1.1\" xmlns=\"http:\/\/www.w3.org\/2000\/svg\" width=\"15\" height=\"32\" viewBox=\"0 0 15 32\" preserveAspectRatio=\"xMidYMid meet\" aria-labelledby='av-svg-title-2' aria-describedby='av-svg-desc-2' role=\"graphics-symbol\" aria-hidden=\"true\">\n<title id='av-svg-title-2'>Suivant<\/title>\n<desc id='av-svg-desc-2'>Suivant<\/desc>\n<path d=\"M0.416 27.84l11.456-11.84-11.456-11.904q-0.832-0.832 0-1.536 0.832-0.832 1.536 0l12.544 12.608q0.768 0.832 0 1.6l-12.544 12.608q-0.704 0.832-1.536 0-0.832-0.704 0-1.536z\"><\/path>\n<\/svg><span class='avia_hidden_link_text'>Suivant<\/span><\/a><\/div><div class='avia-slideshow-dots avia-slideshow-controls'><a href='#1' class='goto-slide active' >1<\/a><a href='#2' class='goto-slide ' >2<\/a><a href='#3' class='goto-slide ' >3<\/a><\/div><\/div><br \/>\n<section  class='av_textblock_section av-k5z4j9iv-c0f4435cbdf136d8558a42f96376ac8a '   itemscope=\"itemscope\" itemtype=\"https:\/\/schema.org\/CreativeWork\" ><div class='avia_textblock'  itemprop=\"text\" ><p>Vous pouvez nourrir les daims pendant la s\u00e9ance de nourrissage.<\/p>\n<\/div><\/section><br \/>\n<div  class='avia-button-wrap av-mgadvw-1e88e2498ef4977fe6d121f84ad41cf1-wrap avia-button-left  avia-builder-el-11  el_after_av_textblock  el_before_av_textblock '>\n<style type=\"text\/css\" data-created_by=\"avia_inline_auto\" id=\"style-css-av-mgadvw-1e88e2498ef4977fe6d121f84ad41cf1\">\n#top #wrap_all .avia-button.av-mgadvw-1e88e2498ef4977fe6d121f84ad41cf1{\nbackground-color:#dfd663;\nborder-color:#dfd663;\ncolor:#000000;\ntransition:all 0.4s ease-in-out;\n}\n#top #wrap_all .avia-button.av-mgadvw-1e88e2498ef4977fe6d121f84ad41cf1 .avia-svg-icon svg:first-child{\nfill:#000000;\nstroke:#000000;\n}\n<\/style>\n<a href='https:\/\/www.affenberg-salem.de\/fuetterungszeiten\/'  class='avia-button av-mgadvw-1e88e2498ef4977fe6d121f84ad41cf1 av-link-btn avia-icon_select-yes-left-icon avia-size-medium avia-position-left'   aria-label=\"Tous les s\u00e9ances de nourrissage\"><span class='avia_button_icon avia_button_icon_left avia-iconfont avia-font-entypo-fontello' data-av_icon='\ue81e' data-av_iconfont='entypo-fontello' ><\/span><span class='avia_iconbox_title' >Tous les s\u00e9ances de nourrissage<\/span><\/a><\/div><br \/>\n<section  class='av_textblock_section av-k5z71mhl-cdb551fee2d511d3c0d125570ed85900 '   itemscope=\"itemscope\" itemtype=\"https:\/\/schema.org\/CreativeWork\" ><div class='avia_textblock'  itemprop=\"text\" ><p>\n<style type=\"text\/css\" data-created_by=\"avia_inline_auto\" id=\"style-css-av-1kmmnho-adcaf30b9524c80e58234c77df12fa8d\">\n.av_font_icon.av-1kmmnho-adcaf30b9524c80e58234c77df12fa8d{\ncolor:#83a846;\nborder-color:#83a846;\n}\n.avia-svg-icon.av-1kmmnho-adcaf30b9524c80e58234c77df12fa8d svg:first-child{\nstroke:#83a846;\nfill:#83a846;\n}\n.av_font_icon.av-1kmmnho-adcaf30b9524c80e58234c77df12fa8d .av-icon-char{\nfont-size:20px;\nline-height:20px;\n}\n<\/style>\n<span  class='av_font_icon av-1kmmnho-adcaf30b9524c80e58234c77df12fa8d avia_animate_when_visible av-icon-style- avia-icon-pos-right avia-iconfont avia-font-entypo-fontello avia-icon-animate'><span class='av-icon-char' data-av_icon='\ue875' data-av_iconfont='entypo-fontello' aria-hidden=\"true\" ><\/span><\/span>\n<style type=\"text\/css\" data-created_by=\"avia_inline_auto\" id=\"style-css-av-11v6dos-7e3fd4e0c56d940acb3f306c51cfd52d\">\n.av_font_icon.av-11v6dos-7e3fd4e0c56d940acb3f306c51cfd52d{\ncolor:#83a846;\nborder-color:#83a846;\n}\n.avia-svg-icon.av-11v6dos-7e3fd4e0c56d940acb3f306c51cfd52d svg:first-child{\nstroke:#83a846;\nfill:#83a846;\n}\n.av_font_icon.av-11v6dos-7e3fd4e0c56d940acb3f306c51cfd52d .av-icon-char{\nfont-size:20px;\nline-height:20px;\n}\n<\/style>\n<span  class='av_font_icon av-11v6dos-7e3fd4e0c56d940acb3f306c51cfd52d avia_animate_when_visible av-icon-style- avia-icon-pos-right avia-iconfont avia-font-entypo-fontello avia-icon-animate'><span class='av-icon-char' data-av_icon='\ue875' data-av_iconfont='entypo-fontello' aria-hidden=\"true\" ><\/span><\/span>\n<style type=\"text\/css\" data-created_by=\"avia_inline_auto\" id=\"style-css-av-s7h8ek-deeb4611e0e4bf553526199fff115000\">\n.av_font_icon.av-s7h8ek-deeb4611e0e4bf553526199fff115000{\ncolor:#83a846;\nborder-color:#83a846;\n}\n.avia-svg-icon.av-s7h8ek-deeb4611e0e4bf553526199fff115000 svg:first-child{\nstroke:#83a846;\nfill:#83a846;\n}\n.av_font_icon.av-s7h8ek-deeb4611e0e4bf553526199fff115000 .av-icon-char{\nfont-size:20px;\nline-height:20px;\n}\n<\/style>\n<span  class='av_font_icon av-s7h8ek-deeb4611e0e4bf553526199fff115000 avia_animate_when_visible av-icon-style- avia-icon-pos-right avia-iconfont avia-font-entypo-fontello avia-icon-animate'><span class='av-icon-char' data-av_icon='\ue875' data-av_iconfont='entypo-fontello' aria-hidden=\"true\" ><\/span><\/span><\/p>\n<p style=\"text-align: right;\"><u style=\"text-align: right;\"><a href=\"\/?page_id=14312\"><u>L\u2019\u00e9tang<\/u><\/a><\/u><\/p>\n<\/div><\/section><\/p><\/div><\/div><\/div><\/div><!-- close content main div --><\/div><\/div><div id='after_section_1'  class='main_color av_default_container_wrap container_wrap sidebar_right'  ><div class='container av-section-cont-open' ><div class='template-page content  av-content-small alpha units'><div class='post-entry post-entry-type-page post-entry-17416'><div class='entry-content-wrapper clearfix'>\n","protected":false},"excerpt":{"rendered":"","protected":false},"author":3,"featured_media":0,"parent":0,"menu_order":0,"comment_status":"closed","ping_status":"closed","template":"","meta":{"footnotes":""},"class_list":["post-17416","page","type-page","status-publish","hentry"],"_links":{"self":[{"href":"https:\/\/www.affenberg-salem.de\/fr\/wp-json\/wp\/v2\/pages\/17416","targetHints":{"allow":["GET"]}}],"collection":[{"href":"https:\/\/www.affenberg-salem.de\/fr\/wp-json\/wp\/v2\/pages"}],"about":[{"href":"https:\/\/www.affenberg-salem.de\/fr\/wp-json\/wp\/v2\/types\/page"}],"author":[{"embeddable":true,"href":"https:\/\/www.affenberg-salem.de\/fr\/wp-json\/wp\/v2\/users\/3"}],"replies":[{"embeddable":true,"href":"https:\/\/www.affenberg-salem.de\/fr\/wp-json\/wp\/v2\/comments?post=17416"}],"version-history":[{"count":0,"href":"https:\/\/www.affenberg-salem.de\/fr\/wp-json\/wp\/v2\/pages\/17416\/revisions"}],"wp:attachment":[{"href":"https:\/\/www.affenberg-salem.de\/fr\/wp-json\/wp\/v2\/media?parent=17416"}],"curies":[{"name":"wp","href":"https:\/\/api.w.org\/{rel}","templated":true}]}}