{"id":17422,"date":"2020-06-23T13:12:37","date_gmt":"2020-06-23T11:12:37","guid":{"rendered":"https:\/\/www.affenberg-salem.de\/forschung\/"},"modified":"2020-07-08T15:43:04","modified_gmt":"2020-07-08T13:43:04","slug":"la-recherche","status":"publish","type":"page","link":"https:\/\/www.affenberg-salem.de\/fr\/la-recherche\/","title":{"rendered":"La recherche"},"content":{"rendered":"<div id='full_slider_1'  class='avia-fullwidth-slider main_color avia-shadow   avia-builder-el-0  el_before_av_section  avia-builder-el-first   container_wrap sidebar_right'  ><div  class='avia-slideshow av-1z2g7w5-6d3395792d5f30de17f85f38ff23dbdb avia-slideshow-extra_large av_slideshow_full avia-slide-slider av-slideshow-ui av-control-default av-slideshow-manual av-loop-once av-loop-manual-endless av-default-height-applied   avia-slideshow-1' data-slideshow-options=\"{&quot;animation&quot;:&quot;slide&quot;,&quot;autoplay&quot;:false,&quot;loop_autoplay&quot;:&quot;once&quot;,&quot;interval&quot;:5,&quot;loop_manual&quot;:&quot;manual-endless&quot;,&quot;autoplay_stopper&quot;:false,&quot;noNavigation&quot;:false,&quot;bg_slider&quot;:false,&quot;keep_padding&quot;:false,&quot;hoverpause&quot;:false,&quot;show_slide_delay&quot;:0}\"  itemprop=\"image\" itemscope=\"itemscope\" itemtype=\"https:\/\/schema.org\/ImageObject\" ><ul class='avia-slideshow-inner ' style='padding-bottom: 60%;'><li  class='avia-slideshow-slide av-1z2g7w5-6d3395792d5f30de17f85f38ff23dbdb__0  av-single-slide slide-1 slide-odd'><div data-rel='slideshow-1' class='avia-slide-wrap '   ><img decoding=\"async\" fetchpriority=\"high\" class=\"wp-image-20497 avia-img-lazy-loading-not-20497\"  src=\"https:\/\/www.affenberg-salem.de\/wp-content\/uploads\/2020\/02\/DSCN2538.jpg\" width=\"1500\" height=\"900\" title='' alt=''  itemprop=\"thumbnailUrl\" srcset=\"https:\/\/www.affenberg-salem.de\/wp-content\/uploads\/2020\/02\/DSCN2538.jpg 1500w, https:\/\/www.affenberg-salem.de\/wp-content\/uploads\/2020\/02\/DSCN2538-300x180.jpg 300w, https:\/\/www.affenberg-salem.de\/wp-content\/uploads\/2020\/02\/DSCN2538-1030x618.jpg 1030w, https:\/\/www.affenberg-salem.de\/wp-content\/uploads\/2020\/02\/DSCN2538-705x423.jpg 705w\" sizes=\"(max-width: 1500px) 100vw, 1500px\" \/><\/div><\/li><\/ul><\/div><\/div>\n<div id='av_section_1'  class='avia-section av-1in4hv9-37f53c9119cc6050513ddedc2fafc004 main_color avia-section-default avia-no-border-styling  avia-builder-el-1  el_after_av_slideshow_full  avia-builder-el-last  avia-bg-style-scroll container_wrap sidebar_right'  ><div class='container av-section-cont-open' ><div class='template-page content  av-content-small alpha units'><div class='post-entry post-entry-type-page post-entry-17422'><div class='entry-content-wrapper clearfix'>\n\n<style type=\"text\/css\" data-created_by=\"avia_inline_auto\" id=\"style-css-av-1dbnhpx-7a8623917ccdd25d65905948d276f350\">\n.flex_column.av-1dbnhpx-7a8623917ccdd25d65905948d276f350{\nborder-radius:0px 0px 0px 0px;\npadding:0px 0px 0px 0px;\n}\n<\/style>\n<div  class='flex_column av-1dbnhpx-7a8623917ccdd25d65905948d276f350 av_one_third  avia-builder-el-2  el_before_av_two_third  avia-builder-el-first  first flex_column_div av-zero-column-padding  '     ><\/div>\n<style type=\"text\/css\" data-created_by=\"avia_inline_auto\" id=\"style-css-av-irkv9x-27440e4d6c78940680d7217cc26439d5\">\n.flex_column.av-irkv9x-27440e4d6c78940680d7217cc26439d5{\nborder-radius:0px 0px 0px 0px;\npadding:0px 0px 0px 0px;\n}\n<\/style>\n<div  class='flex_column av-irkv9x-27440e4d6c78940680d7217cc26439d5 av_two_third  avia-builder-el-3  el_after_av_one_third  avia-builder-el-last  flex_column_div av-zero-column-padding  '     ><p>\n<style type=\"text\/css\" data-created_by=\"avia_inline_auto\" id=\"style-css-av-av_heading-801ce4f3f72515eac91cc63f964e8455\">\n#top .av-special-heading.av-av_heading-801ce4f3f72515eac91cc63f964e8455{\npadding-bottom:10px;\n}\nbody .av-special-heading.av-av_heading-801ce4f3f72515eac91cc63f964e8455 .av-special-heading-tag .heading-char{\nfont-size:25px;\n}\n.av-special-heading.av-av_heading-801ce4f3f72515eac91cc63f964e8455 .av-subheading{\nfont-size:15px;\n}\n<\/style>\n<div  class='av-special-heading av-av_heading-801ce4f3f72515eac91cc63f964e8455 av-special-heading-h1  avia-builder-el-4  el_before_av_textblock  avia-builder-el-first '><h1 class='av-special-heading-tag '  itemprop=\"headline\"  >La recherche<\/h1><div class=\"special-heading-border\"><div class=\"special-heading-inner-border\"><\/div><\/div><\/div><br \/>\n<section  class='av_textblock_section av-k5zf1g56-68e00171c34265ce61e2d644fe5b6a81 '   itemscope=\"itemscope\" itemtype=\"https:\/\/schema.org\/CreativeWork\" ><div class='avia_textblock'  itemprop=\"text\" ><p>L\u2019Affenberg est un terrain d\u2019\u00e9tude id\u00e9al pour les chercheurs. Les Magots \u00e9voluent en toute libert\u00e9 dans la res\u00e8rve. Ces conditions de vie, proches de l\u2019\u00e9tat sauvage, leur permettent une grande libert\u00e9 d\u2019action. Ils peuvent s\u2019organiser en unit\u00e9s sociales et d\u00e9velopper toute la gamme de leurs comportements.<\/p>\n<p>Depuis la cr\u00e9ation du parc, des scientifiques \u00e9tudient le comportement social du macaque de Barbarie. De nombreuses th\u00e8ses et masters en \u00e9thologie (\u00e9tude du comportement) sont r\u00e9alis\u00e9s par des universitaires du monde entier et publi\u00e9es dans des revues scientifiques renomm\u00e9es.<\/p>\n<\/div><\/section><br \/>\n\n<style type=\"text\/css\" data-created_by=\"avia_inline_auto\" id=\"style-css-av-av_heading-8549f5f845f876ee7bd4d080a1769853\">\n#top .av-special-heading.av-av_heading-8549f5f845f876ee7bd4d080a1769853{\npadding-bottom:10px;\n}\nbody .av-special-heading.av-av_heading-8549f5f845f876ee7bd4d080a1769853 .av-special-heading-tag .heading-char{\nfont-size:25px;\n}\n.av-special-heading.av-av_heading-8549f5f845f876ee7bd4d080a1769853 .av-subheading{\nfont-size:15px;\n}\n<\/style>\n<div  class='av-special-heading av-av_heading-8549f5f845f876ee7bd4d080a1769853 av-special-heading-h1  avia-builder-el-6  el_after_av_textblock  el_before_av_hr '><h1 class='av-special-heading-tag '  itemprop=\"headline\"  >Possibilit\u00e9s de recherche au Affenberg<\/h1><div class=\"special-heading-border\"><div class=\"special-heading-inner-border\"><\/div><\/div><\/div><br \/>\n\n<style type=\"text\/css\" data-created_by=\"avia_inline_auto\" id=\"style-css-av-k5zfi2yu-547714f7d845f623364a0d72011b6c22\">\n#top .hr.hr-invisible.av-k5zfi2yu-547714f7d845f623364a0d72011b6c22{\nheight:10px;\n}\n<\/style>\n<div  class='hr av-k5zfi2yu-547714f7d845f623364a0d72011b6c22 hr-invisible  avia-builder-el-7  el_after_av_heading  el_before_av_textblock '><span class='hr-inner '><span class=\"hr-inner-style\"><\/span><\/span><\/div><br \/>\n<section  class='av_textblock_section av-k5zf3z9g-6c6a3b11952fd98da6c71918bbe48efc '   itemscope=\"itemscope\" itemtype=\"https:\/\/schema.org\/CreativeWork\" ><div class='avia_textblock'  itemprop=\"text\" ><p>Veuillez lire attentivement <a href=\"https:\/\/www.affenberg-salem.de\/wp-content\/uploads\/2020\/06\/Richtlinien-f\u00fcr-Forschungvorschl\u00e4ge.pdf\"><u>le guide pour les propositions de recherche<\/u><\/a> Les projets de recherche doivent \u00eatre envoy\u00e9s au moins 2 mois avant de commencer l\u2019\u00e9tude pour nous laisser le temps d\u2019\u00e9tudier et d\u2019approuver votre demande.<\/p>\n<p>Les propositions doivent contenir: objectifs de la recherche et hypoth\u00e8ses, m\u00e9thodes d\u00e9taill\u00e9es d\u2019observations, analyses statistiques envisag\u00e9es, cadre de la recherche et universit\u00e9 et toute autre information en faveur de votre projet.<\/p>\n<\/div><\/section><br \/>\n\n<style type=\"text\/css\" data-created_by=\"avia_inline_auto\" id=\"style-css-av-k60qlvir-614fadb106220e8b6dce406d3bdd9220\">\n#top .togglecontainer.av-k60qlvir-614fadb106220e8b6dce406d3bdd9220 p.toggler{\nbackground-color:rgba(131,168,70,0.1);\nborder-color:#83a846;\n}\n#top .togglecontainer.av-k60qlvir-614fadb106220e8b6dce406d3bdd9220 p.toggler.activeTitle{\ncolor:#ffffff;\nborder-color:#ffffff;\nbackground-color:#83a846;\n}\n#top .togglecontainer.av-k60qlvir-614fadb106220e8b6dce406d3bdd9220 .toggle_wrap .toggle_content{\nbackground-color:rgba(131,168,70,0.1);\nborder-color:#83a846;\n}\n<\/style>\n<div  class='togglecontainer av-k60qlvir-614fadb106220e8b6dce406d3bdd9220 av-minimal-toggle  avia-builder-el-9  el_after_av_textblock  el_before_av_textblock  hasCurrentStyle' >\n<section class='av_toggle_section av-av_toggle-b91a21588cff2e8f83946cd33400fa12'  itemscope=\"itemscope\" itemtype=\"https:\/\/schema.org\/CreativeWork\" ><div role=\"tablist\" class=\"single_toggle\" data-tags=\"{Tout} \"  ><p id='toggle-toggle-id-1' data-fake-id='#toggle-id-1' class='toggler  av-title-above av-inherit-border-color'  itemprop=\"headline\"  role='tab' tabindex='0' aria-controls='toggle-id-1' data-slide-speed=\"200\" data-title=\"Pour les longs projets (Masters, th\u00e8ses, post doc)\" data-title-open=\"\" data-aria_collapsed=\"Cliquez pour \u00e9tendre : Pour les longs projets (Masters, th\u00e8ses, post doc)\" data-aria_expanded=\"Cliquez pour r\u00e9duire : Pour les longs projets (Masters, th\u00e8ses, post doc)\">Pour les longs projets (Masters, th\u00e8ses, post doc)<span class=\"toggle_icon\"><span class=\"vert_icon\"><\/span><span class=\"hor_icon\"><\/span><\/span><\/p><div id='toggle-id-1' aria-labelledby='toggle-toggle-id-1' role='region' class='toggle_wrap  av-title-above'  ><div class='toggle_content invers-color av-inherit-border-color'  itemprop=\"text\" ><p>Pr\u00e9voir une p\u00e9riode de pr\u00e9-\u00e9tude importante en raison des conditions de vie en semi-libert\u00e9 de nos singes (reconnaissance des individus, familiarisation avec l\u2019\u00e9thogramme de l\u2019esp\u00e8ce, validation des protocoles d\u2019observation&#8230;).<\/p>\n<\/div><\/div><\/div><\/section>\n<section class='av_toggle_section av-av_toggle-7c1879c8319f29042c2bc6471fda898b'  itemscope=\"itemscope\" itemtype=\"https:\/\/schema.org\/CreativeWork\" ><div role=\"tablist\" class=\"single_toggle\" data-tags=\"{Tout} \"  ><p id='toggle-toggle-id-2' data-fake-id='#toggle-id-2' class='toggler  av-title-above av-inherit-border-color'  itemprop=\"headline\"  role='tab' tabindex='0' aria-controls='toggle-id-2' data-slide-speed=\"200\" data-title=\"Pour les travaux pratiques de quelques semaines (Bachelor)\" data-title-open=\"\" data-aria_collapsed=\"Cliquez pour \u00e9tendre : Pour les travaux pratiques de quelques semaines (Bachelor)\" data-aria_expanded=\"Cliquez pour r\u00e9duire : Pour les travaux pratiques de quelques semaines (Bachelor)\">Pour les travaux pratiques de quelques semaines (Bachelor)<span class=\"toggle_icon\"><span class=\"vert_icon\"><\/span><span class=\"hor_icon\"><\/span><\/span><\/p><div id='toggle-id-2' aria-labelledby='toggle-toggle-id-2' role='region' class='toggle_wrap  av-title-above'  ><div class='toggle_content invers-color av-inherit-border-color'  itemprop=\"text\" ><p>Choisir des questions simples en rapport avec des comportements fr\u00e9quents. Nous vous recommandons de travailler sur des classes d\u2019\u00e2ge et\/ou sexe plut\u00f4t que sur des individus (leurs identifications n\u00e9cessitent une plus longue p\u00e9riode de reconnaissance au pr\u00e9alable \u2013 plusieurs semaines).<\/p>\n<\/div><\/div><\/div><\/section>\n<section class='av_toggle_section av-av_toggle-1685e85adffc8b912dddfba76284181f'  itemscope=\"itemscope\" itemtype=\"https:\/\/schema.org\/CreativeWork\" ><div role=\"tablist\" class=\"single_toggle\" data-tags=\"{Tout} \"  ><p id='toggle-toggle-id-3' data-fake-id='#toggle-id-3' class='toggler  av-title-above av-inherit-border-color'  itemprop=\"headline\"  role='tab' tabindex='0' aria-controls='toggle-id-3' data-slide-speed=\"200\" data-title=\"Comme pr\u00e9paration de recherche dans les pays d\u2019origine\" data-title-open=\"\" data-aria_collapsed=\"Cliquez pour \u00e9tendre : Comme pr\u00e9paration de recherche dans les pays d\u2019origine\" data-aria_expanded=\"Cliquez pour r\u00e9duire : Comme pr\u00e9paration de recherche dans les pays d\u2019origine\">Comme pr\u00e9paration de recherche dans les pays d\u2019origine<span class=\"toggle_icon\"><span class=\"vert_icon\"><\/span><span class=\"hor_icon\"><\/span><\/span><\/p><div id='toggle-id-3' aria-labelledby='toggle-toggle-id-3' role='region' class='toggle_wrap  av-title-above'  ><div class='toggle_content invers-color av-inherit-border-color'  itemprop=\"text\" ><p>Le parc offre aussi des conditions faciles pour se familiariser avec l\u2019esp\u00e8ce, son \u00e9thogramme et pour tester les m\u00e9thodes d\u2019observations.<\/p>\n<\/div><\/div><\/div><\/section>\n<\/div><br \/>\n<section  class='av_textblock_section av-k5z71mhl-cdb551fee2d511d3c0d125570ed85900 '   itemscope=\"itemscope\" itemtype=\"https:\/\/schema.org\/CreativeWork\" ><div class='avia_textblock'  itemprop=\"text\" ><p>\n<style type=\"text\/css\" data-created_by=\"avia_inline_auto\" id=\"style-css-av-1fgt9px-79255ea8d1b67e5ccad354fdbab5f43d\">\n.av_font_icon.av-1fgt9px-79255ea8d1b67e5ccad354fdbab5f43d{\ncolor:#83a846;\nborder-color:#83a846;\n}\n.avia-svg-icon.av-1fgt9px-79255ea8d1b67e5ccad354fdbab5f43d svg:first-child{\nstroke:#83a846;\nfill:#83a846;\n}\n.av_font_icon.av-1fgt9px-79255ea8d1b67e5ccad354fdbab5f43d .av-icon-char{\nfont-size:20px;\nline-height:20px;\n}\n<\/style>\n<span  class='av_font_icon av-1fgt9px-79255ea8d1b67e5ccad354fdbab5f43d avia_animate_when_visible av-icon-style- avia-icon-pos-right avia-iconfont avia-font-entypo-fontello avia-icon-animate'><span class='av-icon-char' data-av_icon='\ue875' data-av_iconfont='entypo-fontello' aria-hidden=\"true\" ><\/span><\/span>\n<style type=\"text\/css\" data-created_by=\"avia_inline_auto\" id=\"style-css-av-18na3ud-38d122b9eb70d88697825a374450697e\">\n.av_font_icon.av-18na3ud-38d122b9eb70d88697825a374450697e{\ncolor:#83a846;\nborder-color:#83a846;\n}\n.avia-svg-icon.av-18na3ud-38d122b9eb70d88697825a374450697e svg:first-child{\nstroke:#83a846;\nfill:#83a846;\n}\n.av_font_icon.av-18na3ud-38d122b9eb70d88697825a374450697e .av-icon-char{\nfont-size:20px;\nline-height:20px;\n}\n<\/style>\n<span  class='av_font_icon av-18na3ud-38d122b9eb70d88697825a374450697e avia_animate_when_visible av-icon-style- avia-icon-pos-right avia-iconfont avia-font-entypo-fontello avia-icon-animate'><span class='av-icon-char' data-av_icon='\ue875' data-av_iconfont='entypo-fontello' aria-hidden=\"true\" ><\/span><\/span>\n<style type=\"text\/css\" data-created_by=\"avia_inline_auto\" id=\"style-css-av-r3vwt1-978691e79611a44d0321bb386d5c1288\">\n.av_font_icon.av-r3vwt1-978691e79611a44d0321bb386d5c1288{\ncolor:#83a846;\nborder-color:#83a846;\n}\n.avia-svg-icon.av-r3vwt1-978691e79611a44d0321bb386d5c1288 svg:first-child{\nstroke:#83a846;\nfill:#83a846;\n}\n.av_font_icon.av-r3vwt1-978691e79611a44d0321bb386d5c1288 .av-icon-char{\nfont-size:20px;\nline-height:20px;\n}\n<\/style>\n<span  class='av_font_icon av-r3vwt1-978691e79611a44d0321bb386d5c1288 avia_animate_when_visible av-icon-style- avia-icon-pos-right avia-iconfont avia-font-entypo-fontello avia-icon-animate'><span class='av-icon-char' data-av_icon='\ue875' data-av_iconfont='entypo-fontello' aria-hidden=\"true\" ><\/span><\/span><\/p>\n<p style=\"text-align: right;\"><u style=\"text-align: right;\"><a href=\"https:\/\/www.affenberg-salem.de\/fr\/home\/\">Home<\/a><\/u><\/p>\n<\/div><\/section><\/p><\/div><\/div><\/div><\/div><!-- close content main div --><\/div><\/div><div id='after_section_1'  class='main_color av_default_container_wrap container_wrap sidebar_right'  ><div class='container av-section-cont-open' ><div class='template-page content  av-content-small alpha units'><div class='post-entry post-entry-type-page post-entry-17422'><div class='entry-content-wrapper clearfix'>\n","protected":false},"excerpt":{"rendered":"","protected":false},"author":3,"featured_media":0,"parent":0,"menu_order":0,"comment_status":"closed","ping_status":"closed","template":"","meta":{"footnotes":""},"class_list":["post-17422","page","type-page","status-publish","hentry"],"_links":{"self":[{"href":"https:\/\/www.affenberg-salem.de\/fr\/wp-json\/wp\/v2\/pages\/17422","targetHints":{"allow":["GET"]}}],"collection":[{"href":"https:\/\/www.affenberg-salem.de\/fr\/wp-json\/wp\/v2\/pages"}],"about":[{"href":"https:\/\/www.affenberg-salem.de\/fr\/wp-json\/wp\/v2\/types\/page"}],"author":[{"embeddable":true,"href":"https:\/\/www.affenberg-salem.de\/fr\/wp-json\/wp\/v2\/users\/3"}],"replies":[{"embeddable":true,"href":"https:\/\/www.affenberg-salem.de\/fr\/wp-json\/wp\/v2\/comments?post=17422"}],"version-history":[{"count":0,"href":"https:\/\/www.affenberg-salem.de\/fr\/wp-json\/wp\/v2\/pages\/17422\/revisions"}],"wp:attachment":[{"href":"https:\/\/www.affenberg-salem.de\/fr\/wp-json\/wp\/v2\/media?parent=17422"}],"curies":[{"name":"wp","href":"https:\/\/api.w.org\/{rel}","templated":true}]}}