{"id":17472,"date":"2020-06-23T15:21:47","date_gmt":"2020-06-23T13:21:47","guid":{"rendered":"https:\/\/www.affenberg-salem.de\/schenke\/"},"modified":"2024-08-20T14:57:19","modified_gmt":"2024-08-20T12:57:19","slug":"la-restauration-biergarten","status":"publish","type":"page","link":"https:\/\/www.affenberg-salem.de\/fr\/la-restauration-biergarten\/","title":{"rendered":"La restauration &#038; Biergarten"},"content":{"rendered":"<div id='full_slider_1'  class='avia-fullwidth-slider main_color avia-shadow   avia-builder-el-0  el_before_av_section  avia-builder-el-first   container_wrap sidebar_right'  ><div  class='avia-slideshow av-k5z8go1x-35946e7c860cb822891219e78dcd040f avia-slideshow-extra_large av_slideshow_full avia-slide-slider av-slideshow-ui av-control-default av-slideshow-manual av-loop-once av-loop-manual-endless av-default-height-applied   avia-slideshow-1' data-slideshow-options=\"{&quot;animation&quot;:&quot;slide&quot;,&quot;autoplay&quot;:false,&quot;loop_autoplay&quot;:&quot;once&quot;,&quot;interval&quot;:5,&quot;loop_manual&quot;:&quot;manual-endless&quot;,&quot;autoplay_stopper&quot;:false,&quot;noNavigation&quot;:false,&quot;bg_slider&quot;:false,&quot;keep_padding&quot;:false,&quot;hoverpause&quot;:false,&quot;show_slide_delay&quot;:0}\"  itemprop=\"image\" itemscope=\"itemscope\" itemtype=\"https:\/\/schema.org\/ImageObject\" ><ul class='avia-slideshow-inner ' style='padding-bottom: 60%;'><li  class='avia-slideshow-slide av-k5z8go1x-35946e7c860cb822891219e78dcd040f__0  av-single-slide slide-1 slide-odd'><div data-rel='slideshow-1' class='avia-slide-wrap '   ><img decoding=\"async\" fetchpriority=\"high\" class=\"wp-image-20496 avia-img-lazy-loading-not-20496\"  src=\"https:\/\/www.affenberg-salem.de\/wp-content\/uploads\/2020\/02\/IMG_2723.jpg\" width=\"1500\" height=\"900\" title='' alt=''  itemprop=\"thumbnailUrl\" srcset=\"https:\/\/www.affenberg-salem.de\/wp-content\/uploads\/2020\/02\/IMG_2723.jpg 1500w, https:\/\/www.affenberg-salem.de\/wp-content\/uploads\/2020\/02\/IMG_2723-300x180.jpg 300w, https:\/\/www.affenberg-salem.de\/wp-content\/uploads\/2020\/02\/IMG_2723-1030x618.jpg 1030w, https:\/\/www.affenberg-salem.de\/wp-content\/uploads\/2020\/02\/IMG_2723-705x423.jpg 705w\" sizes=\"(max-width: 1500px) 100vw, 1500px\" \/><\/div><\/li><\/ul><\/div><\/div>\n<div id='av_section_1'  class='avia-section av-5lbsnrq-719a298954f1fc035b876c566742d885 main_color avia-section-default avia-no-border-styling  avia-builder-el-1  el_after_av_slideshow_full  avia-builder-el-last  avia-bg-style-scroll container_wrap sidebar_right'  ><div class='container av-section-cont-open' ><div class='template-page content  av-content-small alpha units'><div class='post-entry post-entry-type-page post-entry-17472'><div class='entry-content-wrapper clearfix'>\n\n<style type=\"text\/css\" data-created_by=\"avia_inline_auto\" id=\"style-css-av-jhjd5i-7104a6fe3f4ee63221171b2dd1f5c15f\">\n.flex_column.av-jhjd5i-7104a6fe3f4ee63221171b2dd1f5c15f{\nborder-radius:0px 0px 0px 0px;\npadding:0px 0px 0px 0px;\n}\n<\/style>\n<div  class='flex_column av-jhjd5i-7104a6fe3f4ee63221171b2dd1f5c15f av_one_third  avia-builder-el-2  el_before_av_two_third  avia-builder-el-first  first flex_column_div av-zero-column-padding  '     ><div  class='avia-builder-widget-area clearfix  avia-builder-el-3  avia-builder-el-no-sibling '><div id=\"custom_html-12\" class=\"widget_text widget clearfix widget_custom_html\"><div class=\"textwidget custom-html-widget\"><div class=\"besuchplanen\">Infos pratiques<\/div><\/div><\/div><div id=\"nav_menu-4\" class=\"widget clearfix widget_nav_menu\"><div class=\"menu-quickmenu1-franzoesisch-container\"><ul id=\"menu-quickmenu1-franzoesisch\" class=\"menu\"><li id=\"menu-item-17662\" class=\"menu-item menu-item-type-post_type menu-item-object-page menu-item-17662\"><a href=\"https:\/\/www.affenberg-salem.de\/fr\/horaires-tarifs\/\">Horaires &#038; Tarifs<\/a><\/li>\n<li id=\"menu-item-17664\" class=\"menu-item menu-item-type-post_type menu-item-object-page menu-item-17664\"><a href=\"https:\/\/www.affenberg-salem.de\/fr\/anfahrt\/\">Acc\u00e8s<\/a><\/li>\n<li id=\"menu-item-17665\" class=\"menu-item menu-item-type-post_type menu-item-object-page menu-item-17665\"><a href=\"https:\/\/www.affenberg-salem.de\/fr\/les-seances-de-nourrissage\/\">Les s\u00e9ances de nourrissage<\/a><\/li>\n<li id=\"menu-item-17666\" class=\"menu-item menu-item-type-post_type menu-item-object-page menu-item-17666\"><a href=\"https:\/\/www.affenberg-salem.de\/fr\/groupes-et-groupes-scolaires\/\">Groupes et groupes scolaires<\/a><\/li>\n<li id=\"menu-item-17667\" class=\"menu-item menu-item-type-post_type menu-item-object-page menu-item-17667\"><a href=\"https:\/\/www.affenberg-salem.de\/fr\/le-temps\/\">Le temps<\/a><\/li>\n<li id=\"menu-item-17668\" class=\"menu-item menu-item-type-post_type menu-item-object-page menu-item-17668\"><a href=\"https:\/\/www.affenberg-salem.de\/fr\/faq\/\">FAQ<\/a><\/li>\n<li id=\"menu-item-17669\" class=\"menu-item menu-item-type-post_type menu-item-object-page menu-item-17669\"><a href=\"https:\/\/www.affenberg-salem.de\/fr\/plan-du-parc\/\">Plan du parc<\/a><\/li>\n<\/ul><\/div><\/div><\/div><\/div>\n<style type=\"text\/css\" data-created_by=\"avia_inline_auto\" id=\"style-css-av-4v96sl2-af1d5de197031871ac48d22ee306fe23\">\n.flex_column.av-4v96sl2-af1d5de197031871ac48d22ee306fe23{\nborder-radius:0px 0px 0px 0px;\npadding:0px 0px 0px 0px;\n}\n<\/style>\n<div  class='flex_column av-4v96sl2-af1d5de197031871ac48d22ee306fe23 av_two_third  avia-builder-el-4  el_after_av_one_third  avia-builder-el-last  flex_column_div av-zero-column-padding  '     ><p>\n<style type=\"text\/css\" data-created_by=\"avia_inline_auto\" id=\"style-css-av-av_heading-bbb652a58cfe6823ae76d29d798d2845\">\n#top .av-special-heading.av-av_heading-bbb652a58cfe6823ae76d29d798d2845{\npadding-bottom:10px;\n}\nbody .av-special-heading.av-av_heading-bbb652a58cfe6823ae76d29d798d2845 .av-special-heading-tag .heading-char{\nfont-size:25px;\n}\n.av-special-heading.av-av_heading-bbb652a58cfe6823ae76d29d798d2845 .av-subheading{\nfont-size:15px;\n}\n<\/style>\n<div  class='av-special-heading av-av_heading-bbb652a58cfe6823ae76d29d798d2845 av-special-heading-h1  avia-builder-el-5  el_before_av_hr  avia-builder-el-first '><h1 class='av-special-heading-tag '  itemprop=\"headline\"  >La restauration <span class='special_amp'>&amp;<\/span> Biergarten<\/h1><div class=\"special-heading-border\"><div class=\"special-heading-inner-border\"><\/div><\/div><\/div><br \/>\n\n<style type=\"text\/css\" data-created_by=\"avia_inline_auto\" id=\"style-css-av-k67vvq1l-ba43f316f628eb924e223e75810922ab\">\n#top .hr.hr-invisible.av-k67vvq1l-ba43f316f628eb924e223e75810922ab{\nheight:10px;\n}\n<\/style>\n<div  class='hr av-k67vvq1l-ba43f316f628eb924e223e75810922ab hr-invisible  avia-builder-el-6  el_after_av_heading  el_before_av_textblock '><span class='hr-inner '><span class=\"hr-inner-style\"><\/span><\/span><\/div><br \/>\n<section  class='av_textblock_section av-k5z71mhl-cdb551fee2d511d3c0d125570ed85900 '   itemscope=\"itemscope\" itemtype=\"https:\/\/schema.org\/CreativeWork\" ><div class='avia_textblock'  itemprop=\"text\" ><p>Juste avant l\u2019entr\u00e9e dans le parc, il y a la cour int\u00e9rieure de Mendlishauserhof, une construction qui date d\u00e9j\u00e0 de plus de deux cent ans. On y trouve le restaurant (avec self- service), la terrasse pittoresque qui sert de Biergarten, ainsi que <a href=\"https:\/\/www.affenberg-salem.de\/fr\/laire-de-jeux\/\"><u>l\u2019aire de jeux<\/u><\/a> \u00e9tendue juste \u00e0 c\u00f4t\u00e9.<\/p>\n<p>Les b\u00e2timents anciens et <a href=\"https:\/\/www.affenberg-salem.de\/fr\/les-cigognes\/\"><u>les cigognes<\/u><\/a> qui volent tout autour cr\u00e9ent une bonne et sereine atmosph\u00e8re. Les grands ch\u00e2taigners dans la cour offrent une ombre rafra\u00eechissante pendant l\u2019\u00e9t\u00e9.<\/p>\n<\/div><\/section><br \/>\n<div  class='avia-button-wrap av-k5z8pk13-e345c78db59a48f5f2593a5f591d7770-wrap avia-button-left  avia-builder-el-8  el_after_av_textblock  el_before_av_slideshow '>\n<style type=\"text\/css\" data-created_by=\"avia_inline_auto\" id=\"style-css-av-k5z8pk13-e345c78db59a48f5f2593a5f591d7770\">\n#top #wrap_all .avia-button.av-k5z8pk13-e345c78db59a48f5f2593a5f591d7770{\nbackground-color:#dfd663;\nborder-color:#dfd663;\ncolor:#000000;\ntransition:all 0.4s ease-in-out;\n}\n#top #wrap_all .avia-button.av-k5z8pk13-e345c78db59a48f5f2593a5f591d7770 .avia-svg-icon svg:first-child{\nfill:#000000;\nstroke:#000000;\n}\n<\/style>\n<a href='https:\/\/www.affenberg-salem.de\/wp-content\/uploads\/2024\/08\/Speisekarte-2024-Affenberg.pdf'  class='avia-button av-k5z8pk13-e345c78db59a48f5f2593a5f591d7770 av-link-btn avia-icon_select-yes-left-icon avia-size-medium avia-position-left'  target=\"_blank\"  rel=\"noopener noreferrer\"  aria-label=\"Menu\"><span class='avia_button_icon avia_button_icon_left avia-iconfont avia-font-entypo-fontello' data-av_icon='\ue84e' data-av_iconfont='entypo-fontello' ><\/span><span class='avia_iconbox_title' >Menu<\/span><\/a><\/div><br \/>\n<div  class='avia-slideshow av-2dljnw6-4a7fa1843e53ac795c79b0e6b2672851 avia-slideshow-gallery av_slideshow avia-slide-slider  avia-builder-el-9  el_after_av_button  el_before_av_textblock  av-slideshow-ui av-control-minimal av-slideshow-autoplay av-loop-endless av-loop-manual-endless av-default-height-applied avia-slideshow-2' data-slideshow-options=\"{&quot;animation&quot;:&quot;slide&quot;,&quot;autoplay&quot;:true,&quot;loop_autoplay&quot;:&quot;endless&quot;,&quot;interval&quot;:5,&quot;loop_manual&quot;:&quot;manual-endless&quot;,&quot;autoplay_stopper&quot;:false,&quot;noNavigation&quot;:false,&quot;bg_slider&quot;:false,&quot;keep_padding&quot;:false,&quot;hoverpause&quot;:false,&quot;show_slide_delay&quot;:0}\"  itemprop=\"image\" itemscope=\"itemscope\" itemtype=\"https:\/\/schema.org\/ImageObject\" ><ul class='avia-slideshow-inner ' style='padding-bottom: 78.8165680473%;'><li  class='avia-slideshow-slide av-2dljnw6-4a7fa1843e53ac795c79b0e6b2672851__0  slide-1 slide-odd'><div data-rel='slideshow-2' class='avia-slide-wrap '   ><img decoding=\"async\" fetchpriority=\"high\" class=\"wp-image-20455 avia-img-lazy-loading-not-20455\"  src=\"https:\/\/www.affenberg-salem.de\/wp-content\/uploads\/2020\/01\/IMG_7825-845x666.jpg\" width=\"845\" height=\"666\" title='' alt=''  itemprop=\"thumbnailUrl\"   \/><\/div><\/li><li  class='avia-slideshow-slide av-2dljnw6-4a7fa1843e53ac795c79b0e6b2672851__1  slide-2 slide-even'><div data-rel='slideshow-2' class='avia-slide-wrap '   ><img decoding=\"async\" fetchpriority=\"high\" class=\"wp-image-18199 avia-img-lazy-loading-not-18199\"  src=\"https:\/\/www.affenberg-salem.de\/wp-content\/uploads\/2020\/01\/IMG_2608-845x666.jpg\" width=\"845\" height=\"666\" title='' alt=''  itemprop=\"thumbnailUrl\"   \/><\/div><\/li><li  class='avia-slideshow-slide av-2dljnw6-4a7fa1843e53ac795c79b0e6b2672851__2  slide-3 slide-odd'><div data-rel='slideshow-2' class='avia-slide-wrap '   ><img decoding=\"async\" fetchpriority=\"high\" class=\"wp-image-20454 avia-img-lazy-loading-not-20454\"  src=\"https:\/\/www.affenberg-salem.de\/wp-content\/uploads\/2020\/01\/IMG_2630-845x666.jpg\" width=\"845\" height=\"666\" title='' alt=''  itemprop=\"thumbnailUrl\"   \/><\/div><\/li><li  class='avia-slideshow-slide av-2dljnw6-4a7fa1843e53ac795c79b0e6b2672851__3  slide-4 slide-even'><div data-rel='slideshow-2' class='avia-slide-wrap '   ><img decoding=\"async\" fetchpriority=\"high\" class=\"wp-image-14334 avia-img-lazy-loading-not-14334\"  src=\"https:\/\/www.affenberg-salem.de\/wp-content\/uploads\/2020\/01\/LIX_IMG_Affenberg_Lehecka_2019-08-31_223-845x666.jpg\" width=\"845\" height=\"666\" title='' alt=''  itemprop=\"thumbnailUrl\"   \/><\/div><\/li><\/ul><div class='avia-slideshow-arrows avia-slideshow-controls' ><a href='#prev' class='prev-slide  avia-svg-icon avia-font-svg_entypo-fontello' data-av_svg_icon='left-open-big' data-av_iconset='svg_entypo-fontello' tabindex='-1' title=\"Pr\u00e9c\u00e9dent\"><svg version=\"1.1\" xmlns=\"http:\/\/www.w3.org\/2000\/svg\" width=\"15\" height=\"32\" viewBox=\"0 0 15 32\" preserveAspectRatio=\"xMidYMid meet\" aria-labelledby='av-svg-title-1' aria-describedby='av-svg-desc-1' role=\"graphics-symbol\" aria-hidden=\"true\">\n<title id='av-svg-title-1'>Pr\u00e9c\u00e9dent<\/title>\n<desc id='av-svg-desc-1'>Pr\u00e9c\u00e9dent<\/desc>\n<path d=\"M14.464 27.84q0.832 0.832 0 1.536-0.832 0.832-1.536 0l-12.544-12.608q-0.768-0.768 0-1.6l12.544-12.608q0.704-0.832 1.536 0 0.832 0.704 0 1.536l-11.456 11.904z\"><\/path>\n<\/svg><span class='avia_hidden_link_text'>Pr\u00e9c\u00e9dent<\/span><\/a><a href='#next' class='next-slide  avia-svg-icon avia-font-svg_entypo-fontello' data-av_svg_icon='right-open-big' data-av_iconset='svg_entypo-fontello' tabindex='-1' title=\"Suivant\"><svg version=\"1.1\" xmlns=\"http:\/\/www.w3.org\/2000\/svg\" width=\"15\" height=\"32\" viewBox=\"0 0 15 32\" preserveAspectRatio=\"xMidYMid meet\" aria-labelledby='av-svg-title-2' aria-describedby='av-svg-desc-2' role=\"graphics-symbol\" aria-hidden=\"true\">\n<title id='av-svg-title-2'>Suivant<\/title>\n<desc id='av-svg-desc-2'>Suivant<\/desc>\n<path d=\"M0.416 27.84l11.456-11.84-11.456-11.904q-0.832-0.832 0-1.536 0.832-0.832 1.536 0l12.544 12.608q0.768 0.832 0 1.6l-12.544 12.608q-0.704 0.832-1.536 0-0.832-0.704 0-1.536z\"><\/path>\n<\/svg><span class='avia_hidden_link_text'>Suivant<\/span><\/a><\/div><div class='avia-slideshow-dots avia-slideshow-controls'><a href='#1' class='goto-slide active' >1<\/a><a href='#2' class='goto-slide ' >2<\/a><a href='#3' class='goto-slide ' >3<\/a><a href='#4' class='goto-slide ' >4<\/a><\/div><\/div><br \/>\n<section  class='av_textblock_section av-k5z71mhl-cdb551fee2d511d3c0d125570ed85900 '   itemscope=\"itemscope\" itemtype=\"https:\/\/schema.org\/CreativeWork\" ><div class='avia_textblock'  itemprop=\"text\" ><p>En cas de mauvais <a href=\"https:\/\/www.affenberg-salem.de\/fr\/le-temps\/\"><u>temps<\/u>,<\/a> le restaurant dispose de salles couvertes pour recevoir les visiteurs.<\/p>\n<p>Il y a assez de choix pour le menu, les boissons, les glaces, caf\u00e9 et gateaux.<\/p>\n<p>Les toilettes disposent aussi de WC sp\u00e9ciaux pour fauteuils roulants et tables \u00e0 langer.<\/p>\n<\/div><\/section><br \/>\n\n<style type=\"text\/css\" data-created_by=\"avia_inline_auto\" id=\"style-css-av-k669ipqt-ce33d7ec283722865a638d1917b865c3\">\n#top .hr.hr-invisible.av-k669ipqt-ce33d7ec283722865a638d1917b865c3{\nheight:10px;\n}\n<\/style>\n<div  class='hr av-k669ipqt-ce33d7ec283722865a638d1917b865c3 hr-invisible  avia-builder-el-11  el_after_av_textblock  el_before_av_textblock '><span class='hr-inner '><span class=\"hr-inner-style\"><\/span><\/span><\/div><br \/>\n<section  class='av_textblock_section av-k5z71mhl-cdb551fee2d511d3c0d125570ed85900 '   itemscope=\"itemscope\" itemtype=\"https:\/\/schema.org\/CreativeWork\" ><div class='avia_textblock'  itemprop=\"text\" ><p>\n<style type=\"text\/css\" data-created_by=\"avia_inline_auto\" id=\"style-css-av-1n9laie-92dadb1389117ca84d9fa26356dfbe18\">\n.av_font_icon.av-1n9laie-92dadb1389117ca84d9fa26356dfbe18{\ncolor:#83a846;\nborder-color:#83a846;\n}\n.avia-svg-icon.av-1n9laie-92dadb1389117ca84d9fa26356dfbe18 svg:first-child{\nstroke:#83a846;\nfill:#83a846;\n}\n.av_font_icon.av-1n9laie-92dadb1389117ca84d9fa26356dfbe18 .av-icon-char{\nfont-size:20px;\nline-height:20px;\n}\n<\/style>\n<span  class='av_font_icon av-1n9laie-92dadb1389117ca84d9fa26356dfbe18 avia_animate_when_visible av-icon-style- avia-icon-pos-right avia-iconfont avia-font-entypo-fontello avia-icon-animate'><span class='av-icon-char' data-av_icon='\ue875' data-av_iconfont='entypo-fontello' aria-hidden=\"true\" ><\/span><\/span>\n<style type=\"text\/css\" data-created_by=\"avia_inline_auto\" id=\"style-css-av-19efgxi-7f42130160c21ee04ee4b4f4a6dc09f0\">\n.av_font_icon.av-19efgxi-7f42130160c21ee04ee4b4f4a6dc09f0{\ncolor:#83a846;\nborder-color:#83a846;\n}\n.avia-svg-icon.av-19efgxi-7f42130160c21ee04ee4b4f4a6dc09f0 svg:first-child{\nstroke:#83a846;\nfill:#83a846;\n}\n.av_font_icon.av-19efgxi-7f42130160c21ee04ee4b4f4a6dc09f0 .av-icon-char{\nfont-size:20px;\nline-height:20px;\n}\n<\/style>\n<span  class='av_font_icon av-19efgxi-7f42130160c21ee04ee4b4f4a6dc09f0 avia_animate_when_visible av-icon-style- avia-icon-pos-right avia-iconfont avia-font-entypo-fontello avia-icon-animate'><span class='av-icon-char' data-av_icon='\ue875' data-av_iconfont='entypo-fontello' aria-hidden=\"true\" ><\/span><\/span>\n<style type=\"text\/css\" data-created_by=\"avia_inline_auto\" id=\"style-css-av-os47w6-03a816fe3a3c17c60dd6e61607d4129d\">\n.av_font_icon.av-os47w6-03a816fe3a3c17c60dd6e61607d4129d{\ncolor:#83a846;\nborder-color:#83a846;\n}\n.avia-svg-icon.av-os47w6-03a816fe3a3c17c60dd6e61607d4129d svg:first-child{\nstroke:#83a846;\nfill:#83a846;\n}\n.av_font_icon.av-os47w6-03a816fe3a3c17c60dd6e61607d4129d .av-icon-char{\nfont-size:20px;\nline-height:20px;\n}\n<\/style>\n<span  class='av_font_icon av-os47w6-03a816fe3a3c17c60dd6e61607d4129d avia_animate_when_visible av-icon-style- avia-icon-pos-right avia-iconfont avia-font-entypo-fontello avia-icon-animate'><span class='av-icon-char' data-av_icon='\ue875' data-av_iconfont='entypo-fontello' aria-hidden=\"true\" ><\/span><\/span><\/p>\n<p style=\"text-align: right;\"><u style=\"text-align: right;\"><\/u><a href=\"https:\/\/www.affenberg-salem.de\/fr\/laire-de-jeux\/\"><u>L\u2019aire de jeux<\/u><\/a><\/p>\n<\/div><\/section><\/p><\/div><\/div><\/div><\/div><!-- close content main div --><\/div><\/div><div id='after_section_1'  class='main_color av_default_container_wrap container_wrap sidebar_right'  ><div class='container av-section-cont-open' ><div class='template-page content  av-content-small alpha units'><div class='post-entry post-entry-type-page post-entry-17472'><div class='entry-content-wrapper clearfix'>\n","protected":false},"excerpt":{"rendered":"","protected":false},"author":3,"featured_media":0,"parent":0,"menu_order":0,"comment_status":"closed","ping_status":"closed","template":"","meta":{"footnotes":""},"class_list":["post-17472","page","type-page","status-publish","hentry"],"_links":{"self":[{"href":"https:\/\/www.affenberg-salem.de\/fr\/wp-json\/wp\/v2\/pages\/17472","targetHints":{"allow":["GET"]}}],"collection":[{"href":"https:\/\/www.affenberg-salem.de\/fr\/wp-json\/wp\/v2\/pages"}],"about":[{"href":"https:\/\/www.affenberg-salem.de\/fr\/wp-json\/wp\/v2\/types\/page"}],"author":[{"embeddable":true,"href":"https:\/\/www.affenberg-salem.de\/fr\/wp-json\/wp\/v2\/users\/3"}],"replies":[{"embeddable":true,"href":"https:\/\/www.affenberg-salem.de\/fr\/wp-json\/wp\/v2\/comments?post=17472"}],"version-history":[{"count":0,"href":"https:\/\/www.affenberg-salem.de\/fr\/wp-json\/wp\/v2\/pages\/17472\/revisions"}],"wp:attachment":[{"href":"https:\/\/www.affenberg-salem.de\/fr\/wp-json\/wp\/v2\/media?parent=17472"}],"curies":[{"name":"wp","href":"https:\/\/api.w.org\/{rel}","templated":true}]}}