{"id":17496,"date":"2020-06-23T15:53:11","date_gmt":"2020-06-23T13:53:11","guid":{"rendered":"https:\/\/www.affenberg-salem.de\/spielplatz\/"},"modified":"2020-07-08T15:38:22","modified_gmt":"2020-07-08T13:38:22","slug":"laire-de-jeux","status":"publish","type":"page","link":"https:\/\/www.affenberg-salem.de\/fr\/laire-de-jeux\/","title":{"rendered":"L\u2019aire de jeux"},"content":{"rendered":"<div id='full_slider_1'  class='avia-fullwidth-slider main_color avia-shadow   avia-builder-el-0  el_before_av_section  avia-builder-el-first   container_wrap sidebar_right'  ><div  class='avia-slideshow av-k5zelwri-e3ae20809d7d6dd452d5969562a53a17 avia-slideshow-extra_large av_slideshow_full avia-slide-slider av-slideshow-ui av-control-default av-slideshow-manual av-loop-once av-loop-manual-endless av-default-height-applied   avia-slideshow-1' data-slideshow-options=\"{&quot;animation&quot;:&quot;slide&quot;,&quot;autoplay&quot;:false,&quot;loop_autoplay&quot;:&quot;once&quot;,&quot;interval&quot;:5,&quot;loop_manual&quot;:&quot;manual-endless&quot;,&quot;autoplay_stopper&quot;:false,&quot;noNavigation&quot;:false,&quot;bg_slider&quot;:false,&quot;keep_padding&quot;:false,&quot;hoverpause&quot;:false,&quot;show_slide_delay&quot;:0}\"  itemprop=\"image\" itemscope=\"itemscope\" itemtype=\"https:\/\/schema.org\/ImageObject\" ><ul class='avia-slideshow-inner ' style='padding-bottom: 60%;'><li  class='avia-slideshow-slide av-k5zelwri-e3ae20809d7d6dd452d5969562a53a17__0  av-single-slide slide-1 slide-odd'><div data-rel='slideshow-1' class='avia-slide-wrap '   ><img decoding=\"async\" fetchpriority=\"high\" class=\"wp-image-20514 avia-img-lazy-loading-not-20514\"  src=\"https:\/\/www.affenberg-salem.de\/wp-content\/uploads\/2020\/02\/IMG_2706.jpg\" width=\"1500\" height=\"900\" title='' alt=''  itemprop=\"thumbnailUrl\" srcset=\"https:\/\/www.affenberg-salem.de\/wp-content\/uploads\/2020\/02\/IMG_2706.jpg 1500w, https:\/\/www.affenberg-salem.de\/wp-content\/uploads\/2020\/02\/IMG_2706-300x180.jpg 300w, https:\/\/www.affenberg-salem.de\/wp-content\/uploads\/2020\/02\/IMG_2706-1030x618.jpg 1030w, https:\/\/www.affenberg-salem.de\/wp-content\/uploads\/2020\/02\/IMG_2706-705x423.jpg 705w\" sizes=\"(max-width: 1500px) 100vw, 1500px\" \/><\/div><\/li><\/ul><\/div><\/div>\n<div id='av_section_1'  class='avia-section av-4drth3c-160ef79e46803ee71d6fcf6099c6811a main_color avia-section-default avia-no-border-styling  avia-builder-el-1  el_after_av_slideshow_full  avia-builder-el-last  avia-bg-style-scroll container_wrap sidebar_right'  ><div class='container av-section-cont-open' ><div class='template-page content  av-content-small alpha units'><div class='post-entry post-entry-type-page post-entry-17496'><div class='entry-content-wrapper clearfix'>\n\n<style type=\"text\/css\" data-created_by=\"avia_inline_auto\" id=\"style-css-av-3yt06mg-1169ed1dfa9b874e51782039d948e112\">\n.flex_column.av-3yt06mg-1169ed1dfa9b874e51782039d948e112{\nborder-radius:0px 0px 0px 0px;\npadding:0px 0px 0px 0px;\n}\n<\/style>\n<div  class='flex_column av-3yt06mg-1169ed1dfa9b874e51782039d948e112 av_one_third  avia-builder-el-2  el_before_av_two_third  avia-builder-el-first  first flex_column_div av-zero-column-padding  '     ><div  class='avia-builder-widget-area clearfix  avia-builder-el-3  avia-builder-el-no-sibling '><div id=\"custom_html-12\" class=\"widget_text widget clearfix widget_custom_html\"><div class=\"textwidget custom-html-widget\"><div class=\"besuchplanen\">Infos pratiques<\/div><\/div><\/div><div id=\"nav_menu-4\" class=\"widget clearfix widget_nav_menu\"><div class=\"menu-quickmenu1-franzoesisch-container\"><ul id=\"menu-quickmenu1-franzoesisch\" class=\"menu\"><li id=\"menu-item-17662\" class=\"menu-item menu-item-type-post_type menu-item-object-page menu-item-17662\"><a href=\"https:\/\/www.affenberg-salem.de\/fr\/horaires-tarifs\/\">Horaires &#038; Tarifs<\/a><\/li>\n<li id=\"menu-item-17664\" class=\"menu-item menu-item-type-post_type menu-item-object-page menu-item-17664\"><a href=\"https:\/\/www.affenberg-salem.de\/fr\/anfahrt\/\">Acc\u00e8s<\/a><\/li>\n<li id=\"menu-item-17665\" class=\"menu-item menu-item-type-post_type menu-item-object-page menu-item-17665\"><a href=\"https:\/\/www.affenberg-salem.de\/fr\/les-seances-de-nourrissage\/\">Les s\u00e9ances de nourrissage<\/a><\/li>\n<li id=\"menu-item-17666\" class=\"menu-item menu-item-type-post_type menu-item-object-page menu-item-17666\"><a href=\"https:\/\/www.affenberg-salem.de\/fr\/groupes-et-groupes-scolaires\/\">Groupes et groupes scolaires<\/a><\/li>\n<li id=\"menu-item-17667\" class=\"menu-item menu-item-type-post_type menu-item-object-page menu-item-17667\"><a href=\"https:\/\/www.affenberg-salem.de\/fr\/le-temps\/\">Le temps<\/a><\/li>\n<li id=\"menu-item-17668\" class=\"menu-item menu-item-type-post_type menu-item-object-page menu-item-17668\"><a href=\"https:\/\/www.affenberg-salem.de\/fr\/faq\/\">FAQ<\/a><\/li>\n<li id=\"menu-item-17669\" class=\"menu-item menu-item-type-post_type menu-item-object-page menu-item-17669\"><a href=\"https:\/\/www.affenberg-salem.de\/fr\/plan-du-parc\/\">Plan du parc<\/a><\/li>\n<\/ul><\/div><\/div><\/div><\/div>\n<style type=\"text\/css\" data-created_by=\"avia_inline_auto\" id=\"style-css-av-3ktsm4o-0168e9e8b9fb96c841d090cbc4173335\">\n.flex_column.av-3ktsm4o-0168e9e8b9fb96c841d090cbc4173335{\nborder-radius:0px 0px 0px 0px;\npadding:0px 0px 0px 0px;\n}\n<\/style>\n<div  class='flex_column av-3ktsm4o-0168e9e8b9fb96c841d090cbc4173335 av_two_third  avia-builder-el-4  el_after_av_one_third  avia-builder-el-last  flex_column_div av-zero-column-padding  '     ><p>\n<style type=\"text\/css\" data-created_by=\"avia_inline_auto\" id=\"style-css-av-av_heading-5a766e9f53681c0025b8fb90074f91fc\">\n#top .av-special-heading.av-av_heading-5a766e9f53681c0025b8fb90074f91fc{\npadding-bottom:10px;\n}\nbody .av-special-heading.av-av_heading-5a766e9f53681c0025b8fb90074f91fc .av-special-heading-tag .heading-char{\nfont-size:25px;\n}\n.av-special-heading.av-av_heading-5a766e9f53681c0025b8fb90074f91fc .av-subheading{\nfont-size:15px;\n}\n<\/style>\n<div  class='av-special-heading av-av_heading-5a766e9f53681c0025b8fb90074f91fc av-special-heading-h1  avia-builder-el-5  el_before_av_textblock  avia-builder-el-first '><h1 class='av-special-heading-tag '  itemprop=\"headline\"  >L\u2019aire de jeux<\/h1><div class=\"special-heading-border\"><div class=\"special-heading-inner-border\"><\/div><\/div><\/div><br \/>\n<section  class='av_textblock_section av-k5zeg3wa-acf633a5395b77679885242d8bc13022 '   itemscope=\"itemscope\" itemtype=\"https:\/\/schema.org\/CreativeWork\" ><div class='avia_textblock'  itemprop=\"text\" ><p>Pour les enfants, il y a une grande espace, aire de jeux pour enfants avec des escalades, passerelle, toboggan, balancoire, un grand bac \u00e0 sable entour\u00e9 de bancs.<\/p>\n<p>L\u2019aire de jeux se trouve juste \u00e0 c\u00f4t\u00e9 du <a href=\"https:\/\/www.affenberg-salem.de\/fr\/la-restauration-biergarten\/\"><u>Biergarten<\/u><\/a> pour les parents qui surveillent les enfants et qui profitent \u00e0 la fois de la restauration.<\/p>\n<\/div><\/section><br \/>\n<div  class='avia-slideshow av-k5zeu44y-dcc56c352119e8e47338918a3e86440a avia-slideshow-gallery av_slideshow avia-slide-slider  avia-builder-el-7  el_after_av_textblock  el_before_av_textblock  av-slideshow-ui av-control-minimal av-slideshow-autoplay av-loop-endless av-loop-manual-endless av-default-height-applied avia-slideshow-2' data-slideshow-options=\"{&quot;animation&quot;:&quot;slide&quot;,&quot;autoplay&quot;:true,&quot;loop_autoplay&quot;:&quot;endless&quot;,&quot;interval&quot;:5,&quot;loop_manual&quot;:&quot;manual-endless&quot;,&quot;autoplay_stopper&quot;:false,&quot;noNavigation&quot;:false,&quot;bg_slider&quot;:false,&quot;keep_padding&quot;:false,&quot;hoverpause&quot;:false,&quot;show_slide_delay&quot;:0}\"  itemprop=\"image\" itemscope=\"itemscope\" itemtype=\"https:\/\/schema.org\/ImageObject\" ><ul class='avia-slideshow-inner ' style='padding-bottom: 78.8165680473%;'><li  class='avia-slideshow-slide av-k5zeu44y-dcc56c352119e8e47338918a3e86440a__0  slide-1 slide-odd'><div data-rel='slideshow-2' class='avia-slide-wrap '   ><img decoding=\"async\" fetchpriority=\"high\" class=\"wp-image-20464 avia-img-lazy-loading-not-20464\"  src=\"https:\/\/www.affenberg-salem.de\/wp-content\/uploads\/2020\/01\/IMG_7869-845x666.jpg\" width=\"845\" height=\"666\" title='' alt=''  itemprop=\"thumbnailUrl\"   \/><\/div><\/li><li  class='avia-slideshow-slide av-k5zeu44y-dcc56c352119e8e47338918a3e86440a__1  slide-2 slide-even'><div data-rel='slideshow-2' class='avia-slide-wrap '   ><img decoding=\"async\" fetchpriority=\"high\" class=\"wp-image-20460 avia-img-lazy-loading-not-20460\"  src=\"https:\/\/www.affenberg-salem.de\/wp-content\/uploads\/2020\/01\/6Y2A4606-845x666.jpg\" width=\"845\" height=\"666\" title='' alt=''  itemprop=\"thumbnailUrl\"   \/><\/div><\/li><li  class='avia-slideshow-slide av-k5zeu44y-dcc56c352119e8e47338918a3e86440a__2  slide-3 slide-odd'><div data-rel='slideshow-2' class='avia-slide-wrap '   ><img decoding=\"async\" fetchpriority=\"high\" class=\"wp-image-20462 avia-img-lazy-loading-not-20462\"  src=\"https:\/\/www.affenberg-salem.de\/wp-content\/uploads\/2020\/01\/IMG_2677-845x666.jpg\" width=\"845\" height=\"666\" title='' alt=''  itemprop=\"thumbnailUrl\"   \/><\/div><\/li><li  class='avia-slideshow-slide av-k5zeu44y-dcc56c352119e8e47338918a3e86440a__3  slide-4 slide-even'><div data-rel='slideshow-2' class='avia-slide-wrap '   ><img decoding=\"async\" fetchpriority=\"high\" class=\"wp-image-20465 avia-img-lazy-loading-not-20465\"  src=\"https:\/\/www.affenberg-salem.de\/wp-content\/uploads\/2020\/01\/LIX_IMG_Affenberg_Lehecka_2019-08-31_161a-845x666.jpg\" width=\"845\" height=\"666\" title='' alt=''  itemprop=\"thumbnailUrl\"   \/><\/div><\/li><li  class='avia-slideshow-slide av-k5zeu44y-dcc56c352119e8e47338918a3e86440a__4  slide-5 slide-odd'><div data-rel='slideshow-2' class='avia-slide-wrap '   ><img decoding=\"async\" fetchpriority=\"high\" class=\"wp-image-20463 avia-img-lazy-loading-not-20463\"  src=\"https:\/\/www.affenberg-salem.de\/wp-content\/uploads\/2020\/01\/IMG_2713-845x666.jpg\" width=\"845\" height=\"666\" title='' alt=''  itemprop=\"thumbnailUrl\"   \/><\/div><\/li><li  class='avia-slideshow-slide av-k5zeu44y-dcc56c352119e8e47338918a3e86440a__5  slide-6 slide-even'><div data-rel='slideshow-2' class='avia-slide-wrap '   ><img decoding=\"async\" fetchpriority=\"high\" class=\"wp-image-20461 avia-img-lazy-loading-not-20461\"  src=\"https:\/\/www.affenberg-salem.de\/wp-content\/uploads\/2020\/01\/6Y2A4618-845x666.jpg\" width=\"845\" height=\"666\" title='' alt=''  itemprop=\"thumbnailUrl\"   \/><\/div><\/li><\/ul><div class='avia-slideshow-arrows avia-slideshow-controls' ><a href='#prev' class='prev-slide  avia-svg-icon avia-font-svg_entypo-fontello' data-av_svg_icon='left-open-big' data-av_iconset='svg_entypo-fontello' tabindex='-1' title=\"Pr\u00e9c\u00e9dent\"><svg version=\"1.1\" xmlns=\"http:\/\/www.w3.org\/2000\/svg\" width=\"15\" height=\"32\" viewBox=\"0 0 15 32\" preserveAspectRatio=\"xMidYMid meet\" aria-labelledby='av-svg-title-1' aria-describedby='av-svg-desc-1' role=\"graphics-symbol\" aria-hidden=\"true\">\n<title id='av-svg-title-1'>Pr\u00e9c\u00e9dent<\/title>\n<desc id='av-svg-desc-1'>Pr\u00e9c\u00e9dent<\/desc>\n<path d=\"M14.464 27.84q0.832 0.832 0 1.536-0.832 0.832-1.536 0l-12.544-12.608q-0.768-0.768 0-1.6l12.544-12.608q0.704-0.832 1.536 0 0.832 0.704 0 1.536l-11.456 11.904z\"><\/path>\n<\/svg><span class='avia_hidden_link_text'>Pr\u00e9c\u00e9dent<\/span><\/a><a href='#next' class='next-slide  avia-svg-icon avia-font-svg_entypo-fontello' data-av_svg_icon='right-open-big' data-av_iconset='svg_entypo-fontello' tabindex='-1' title=\"Suivant\"><svg version=\"1.1\" xmlns=\"http:\/\/www.w3.org\/2000\/svg\" width=\"15\" height=\"32\" viewBox=\"0 0 15 32\" preserveAspectRatio=\"xMidYMid meet\" aria-labelledby='av-svg-title-2' aria-describedby='av-svg-desc-2' role=\"graphics-symbol\" aria-hidden=\"true\">\n<title id='av-svg-title-2'>Suivant<\/title>\n<desc id='av-svg-desc-2'>Suivant<\/desc>\n<path d=\"M0.416 27.84l11.456-11.84-11.456-11.904q-0.832-0.832 0-1.536 0.832-0.832 1.536 0l12.544 12.608q0.768 0.832 0 1.6l-12.544 12.608q-0.704 0.832-1.536 0-0.832-0.704 0-1.536z\"><\/path>\n<\/svg><span class='avia_hidden_link_text'>Suivant<\/span><\/a><\/div><div class='avia-slideshow-dots avia-slideshow-controls'><a href='#1' class='goto-slide active' >1<\/a><a href='#2' class='goto-slide ' >2<\/a><a href='#3' class='goto-slide ' >3<\/a><a href='#4' class='goto-slide ' >4<\/a><a href='#5' class='goto-slide ' >5<\/a><a href='#6' class='goto-slide ' >6<\/a><\/div><\/div><br \/>\n<section  class='av_textblock_section av-k5z71mhl-cdb551fee2d511d3c0d125570ed85900 '   itemscope=\"itemscope\" itemtype=\"https:\/\/schema.org\/CreativeWork\" ><div class='avia_textblock'  itemprop=\"text\" ><p>\n<style type=\"text\/css\" data-created_by=\"avia_inline_auto\" id=\"style-css-av-1tlmbag-4f0db8e1d424b90026963efc73154791\">\n.av_font_icon.av-1tlmbag-4f0db8e1d424b90026963efc73154791{\ncolor:#83a846;\nborder-color:#83a846;\n}\n.avia-svg-icon.av-1tlmbag-4f0db8e1d424b90026963efc73154791 svg:first-child{\nstroke:#83a846;\nfill:#83a846;\n}\n.av_font_icon.av-1tlmbag-4f0db8e1d424b90026963efc73154791 .av-icon-char{\nfont-size:20px;\nline-height:20px;\n}\n<\/style>\n<span  class='av_font_icon av-1tlmbag-4f0db8e1d424b90026963efc73154791 avia_animate_when_visible av-icon-style- avia-icon-pos-right avia-iconfont avia-font-entypo-fontello avia-icon-animate'><span class='av-icon-char' data-av_icon='\ue875' data-av_iconfont='entypo-fontello' aria-hidden=\"true\" ><\/span><\/span>\n<style type=\"text\/css\" data-created_by=\"avia_inline_auto\" id=\"style-css-av-1038ffs-8cf91a806f1e830f1174657680c19b6c\">\n.av_font_icon.av-1038ffs-8cf91a806f1e830f1174657680c19b6c{\ncolor:#83a846;\nborder-color:#83a846;\n}\n.avia-svg-icon.av-1038ffs-8cf91a806f1e830f1174657680c19b6c svg:first-child{\nstroke:#83a846;\nfill:#83a846;\n}\n.av_font_icon.av-1038ffs-8cf91a806f1e830f1174657680c19b6c .av-icon-char{\nfont-size:20px;\nline-height:20px;\n}\n<\/style>\n<span  class='av_font_icon av-1038ffs-8cf91a806f1e830f1174657680c19b6c avia_animate_when_visible av-icon-style- avia-icon-pos-right avia-iconfont avia-font-entypo-fontello avia-icon-animate'><span class='av-icon-char' data-av_icon='\ue875' data-av_iconfont='entypo-fontello' aria-hidden=\"true\" ><\/span><\/span>\n<style type=\"text\/css\" data-created_by=\"avia_inline_auto\" id=\"style-css-av-k5eulk-518b8b074137bd28e33b486427403bcc\">\n.av_font_icon.av-k5eulk-518b8b074137bd28e33b486427403bcc{\ncolor:#83a846;\nborder-color:#83a846;\n}\n.avia-svg-icon.av-k5eulk-518b8b074137bd28e33b486427403bcc svg:first-child{\nstroke:#83a846;\nfill:#83a846;\n}\n.av_font_icon.av-k5eulk-518b8b074137bd28e33b486427403bcc .av-icon-char{\nfont-size:20px;\nline-height:20px;\n}\n<\/style>\n<span  class='av_font_icon av-k5eulk-518b8b074137bd28e33b486427403bcc avia_animate_when_visible av-icon-style- avia-icon-pos-right avia-iconfont avia-font-entypo-fontello avia-icon-animate'><span class='av-icon-char' data-av_icon='\ue875' data-av_iconfont='entypo-fontello' aria-hidden=\"true\" ><\/span><\/span><\/p>\n<p style=\"text-align: right;\"><u style=\"text-align: right;\"><a href=\"https:\/\/www.affenberg-salem.de\/fr\/la-boutique\/\"><u>La boutique<\/u><\/a><\/u><\/p>\n<\/div><\/section><\/p><\/div><\/div><\/div><\/div><!-- close content main div --><\/div><\/div><div id='after_section_1'  class='main_color av_default_container_wrap container_wrap sidebar_right'  ><div class='container av-section-cont-open' ><div class='template-page content  av-content-small alpha units'><div class='post-entry post-entry-type-page post-entry-17496'><div class='entry-content-wrapper clearfix'>\n","protected":false},"excerpt":{"rendered":"","protected":false},"author":3,"featured_media":0,"parent":0,"menu_order":0,"comment_status":"closed","ping_status":"closed","template":"","meta":{"footnotes":""},"class_list":["post-17496","page","type-page","status-publish","hentry"],"_links":{"self":[{"href":"https:\/\/www.affenberg-salem.de\/fr\/wp-json\/wp\/v2\/pages\/17496","targetHints":{"allow":["GET"]}}],"collection":[{"href":"https:\/\/www.affenberg-salem.de\/fr\/wp-json\/wp\/v2\/pages"}],"about":[{"href":"https:\/\/www.affenberg-salem.de\/fr\/wp-json\/wp\/v2\/types\/page"}],"author":[{"embeddable":true,"href":"https:\/\/www.affenberg-salem.de\/fr\/wp-json\/wp\/v2\/users\/3"}],"replies":[{"embeddable":true,"href":"https:\/\/www.affenberg-salem.de\/fr\/wp-json\/wp\/v2\/comments?post=17496"}],"version-history":[{"count":0,"href":"https:\/\/www.affenberg-salem.de\/fr\/wp-json\/wp\/v2\/pages\/17496\/revisions"}],"wp:attachment":[{"href":"https:\/\/www.affenberg-salem.de\/fr\/wp-json\/wp\/v2\/media?parent=17496"}],"curies":[{"name":"wp","href":"https:\/\/api.w.org\/{rel}","templated":true}]}}