{"id":17503,"date":"2020-06-23T15:56:28","date_gmt":"2020-06-23T13:56:28","guid":{"rendered":"https:\/\/www.affenberg-salem.de\/stoerche\/"},"modified":"2020-07-08T13:41:33","modified_gmt":"2020-07-08T11:41:33","slug":"les-cigognes","status":"publish","type":"page","link":"https:\/\/www.affenberg-salem.de\/fr\/les-cigognes\/","title":{"rendered":"Les cigognes"},"content":{"rendered":"<div id='full_slider_1'  class='avia-fullwidth-slider main_color avia-shadow   avia-builder-el-0  el_before_av_section  avia-builder-el-first   container_wrap sidebar_right'  ><div  class='avia-slideshow av-k2oszzyb-bb911e936e6e7b47c3ec0d8543079d75 avia-slideshow-extra_large av_slideshow_full avia-slide-slider av-slideshow-ui av-control-default av-slideshow-manual av-loop-once av-loop-manual-endless av-default-height-applied   avia-slideshow-1' data-slideshow-options=\"{&quot;animation&quot;:&quot;slide&quot;,&quot;autoplay&quot;:false,&quot;loop_autoplay&quot;:&quot;once&quot;,&quot;interval&quot;:5,&quot;loop_manual&quot;:&quot;manual-endless&quot;,&quot;autoplay_stopper&quot;:false,&quot;noNavigation&quot;:false,&quot;bg_slider&quot;:false,&quot;keep_padding&quot;:false,&quot;hoverpause&quot;:false,&quot;show_slide_delay&quot;:0}\"  itemprop=\"image\" itemscope=\"itemscope\" itemtype=\"https:\/\/schema.org\/ImageObject\" ><ul class='avia-slideshow-inner ' style='padding-bottom: 60%;'><li  class='avia-slideshow-slide av-k2oszzyb-bb911e936e6e7b47c3ec0d8543079d75__0  av-single-slide slide-1 slide-odd'><div data-rel='slideshow-1' class='avia-slide-wrap '   ><img decoding=\"async\" fetchpriority=\"high\" class=\"wp-image-20515 avia-img-lazy-loading-not-20515\"  src=\"https:\/\/www.affenberg-salem.de\/wp-content\/uploads\/2020\/02\/2015-Groener-6Y2A7755-1.jpg\" width=\"1500\" height=\"900\" title='' alt=''  itemprop=\"thumbnailUrl\" srcset=\"https:\/\/www.affenberg-salem.de\/wp-content\/uploads\/2020\/02\/2015-Groener-6Y2A7755-1.jpg 1500w, https:\/\/www.affenberg-salem.de\/wp-content\/uploads\/2020\/02\/2015-Groener-6Y2A7755-1-300x180.jpg 300w, https:\/\/www.affenberg-salem.de\/wp-content\/uploads\/2020\/02\/2015-Groener-6Y2A7755-1-1030x618.jpg 1030w, https:\/\/www.affenberg-salem.de\/wp-content\/uploads\/2020\/02\/2015-Groener-6Y2A7755-1-705x423.jpg 705w\" sizes=\"(max-width: 1500px) 100vw, 1500px\" \/><\/div><\/li><\/ul><\/div><\/div>\n<div id='av_section_1'  class='avia-section av-1j8dm1k-71d63bf2f8ed85b7199fd6fe36016dde main_color avia-section-no-padding avia-no-border-styling  avia-builder-el-1  el_after_av_slideshow_full  avia-builder-el-last  avia-bg-style-scroll container_wrap sidebar_right'  ><div class='container av-section-cont-open' ><div class='template-page content  av-content-small alpha units'><div class='post-entry post-entry-type-page post-entry-17503'><div class='entry-content-wrapper clearfix'>\n\n<style type=\"text\/css\" data-created_by=\"avia_inline_auto\" id=\"style-css-av-2g7759x-fc679e46b4a11087f50d214724cec346\">\n.flex_column.av-2g7759x-fc679e46b4a11087f50d214724cec346{\nborder-radius:0px 0px 0px 0px;\npadding:0px 0px 0px 0px;\n}\n<\/style>\n<div  class='flex_column av-2g7759x-fc679e46b4a11087f50d214724cec346 av_one_third  avia-builder-el-2  el_before_av_two_third  avia-builder-el-first  first flex_column_div av-zero-column-padding  '     ><p>\n<style type=\"text\/css\" data-created_by=\"avia_inline_auto\" id=\"style-css-av-k5xxje0f-d769bbad3d353dd96b2f13df27a7da12\">\n#top .hr.hr-invisible.av-k5xxje0f-d769bbad3d353dd96b2f13df27a7da12{\nheight:60px;\n}\n<\/style>\n<div  class='hr av-k5xxje0f-d769bbad3d353dd96b2f13df27a7da12 hr-invisible  avia-builder-el-3  el_before_av_sidebar  avia-builder-el-first '><span class='hr-inner '><span class=\"hr-inner-style\"><\/span><\/span><\/div><br \/>\n<div  class='avia-builder-widget-area clearfix  avia-builder-el-4  el_after_av_hr  avia-builder-el-last '><div id=\"custom_html-12\" class=\"widget_text widget clearfix widget_custom_html\"><div class=\"textwidget custom-html-widget\"><div class=\"besuchplanen\">Infos pratiques<\/div><\/div><\/div><div id=\"nav_menu-4\" class=\"widget clearfix widget_nav_menu\"><div class=\"menu-quickmenu1-franzoesisch-container\"><ul id=\"menu-quickmenu1-franzoesisch\" class=\"menu\"><li id=\"menu-item-17662\" class=\"menu-item menu-item-type-post_type menu-item-object-page menu-item-17662\"><a href=\"https:\/\/www.affenberg-salem.de\/fr\/horaires-tarifs\/\">Horaires &#038; Tarifs<\/a><\/li>\n<li id=\"menu-item-17664\" class=\"menu-item menu-item-type-post_type menu-item-object-page menu-item-17664\"><a href=\"https:\/\/www.affenberg-salem.de\/fr\/anfahrt\/\">Acc\u00e8s<\/a><\/li>\n<li id=\"menu-item-17665\" class=\"menu-item menu-item-type-post_type menu-item-object-page menu-item-17665\"><a href=\"https:\/\/www.affenberg-salem.de\/fr\/les-seances-de-nourrissage\/\">Les s\u00e9ances de nourrissage<\/a><\/li>\n<li id=\"menu-item-17666\" class=\"menu-item menu-item-type-post_type menu-item-object-page menu-item-17666\"><a href=\"https:\/\/www.affenberg-salem.de\/fr\/groupes-et-groupes-scolaires\/\">Groupes et groupes scolaires<\/a><\/li>\n<li id=\"menu-item-17667\" class=\"menu-item menu-item-type-post_type menu-item-object-page menu-item-17667\"><a href=\"https:\/\/www.affenberg-salem.de\/fr\/le-temps\/\">Le temps<\/a><\/li>\n<li id=\"menu-item-17668\" class=\"menu-item menu-item-type-post_type menu-item-object-page menu-item-17668\"><a href=\"https:\/\/www.affenberg-salem.de\/fr\/faq\/\">FAQ<\/a><\/li>\n<li id=\"menu-item-17669\" class=\"menu-item menu-item-type-post_type menu-item-object-page menu-item-17669\"><a href=\"https:\/\/www.affenberg-salem.de\/fr\/plan-du-parc\/\">Plan du parc<\/a><\/li>\n<\/ul><\/div><\/div><\/div><\/p><\/div>\n<style type=\"text\/css\" data-created_by=\"avia_inline_auto\" id=\"style-css-av-28u73x1-ecb13de510ff6ca70a38eb46be109b64\">\n.flex_column.av-28u73x1-ecb13de510ff6ca70a38eb46be109b64{\nborder-radius:0px 0px 0px 0px;\npadding:0px 0px 0px 0px;\n}\n<\/style>\n<div  class='flex_column av-28u73x1-ecb13de510ff6ca70a38eb46be109b64 av_two_third  avia-builder-el-5  el_after_av_one_third  avia-builder-el-last  flex_column_div av-zero-column-padding  '     ><p>\n<style type=\"text\/css\" data-created_by=\"avia_inline_auto\" id=\"style-css-av-k5xxje0f-cf5c1ba0e9295976ebc114ceac76ea81\">\n#top .hr.hr-invisible.av-k5xxje0f-cf5c1ba0e9295976ebc114ceac76ea81{\nheight:15px;\n}\n<\/style>\n<div  class='hr av-k5xxje0f-cf5c1ba0e9295976ebc114ceac76ea81 hr-invisible  avia-builder-el-6  el_before_av_heading  avia-builder-el-first '><span class='hr-inner '><span class=\"hr-inner-style\"><\/span><\/span><\/div><br \/>\n\n<style type=\"text\/css\" data-created_by=\"avia_inline_auto\" id=\"style-css-av-av_heading-05b75237709d096b7025a63ed83924d5\">\n#top .av-special-heading.av-av_heading-05b75237709d096b7025a63ed83924d5{\npadding-bottom:10px;\n}\nbody .av-special-heading.av-av_heading-05b75237709d096b7025a63ed83924d5 .av-special-heading-tag .heading-char{\nfont-size:25px;\n}\n.av-special-heading.av-av_heading-05b75237709d096b7025a63ed83924d5 .av-subheading{\nfont-size:15px;\n}\n<\/style>\n<div  class='av-special-heading av-av_heading-05b75237709d096b7025a63ed83924d5 av-special-heading-h1  avia-builder-el-7  el_after_av_hr  el_before_av_textblock '><h1 class='av-special-heading-tag '  itemprop=\"headline\"  >Aux environ de 50 couples de cigognes nichent au Affenberg<\/h1><div class=\"special-heading-border\"><div class=\"special-heading-inner-border\"><\/div><\/div><\/div><br \/>\n<section  class='av_textblock_section av-k5xwrfc9-aff02ca11e35da4af9ea727114bb77ed '   itemscope=\"itemscope\" itemtype=\"https:\/\/schema.org\/CreativeWork\" ><div class='avia_textblock'  itemprop=\"text\" ><p>La cigogne blanche est un grand oiseau qui mesure en moyenne un m\u00e8tre, avec des ailes qui sont longues et larges, pouvant atteindre les deux m\u00e8tres une fois d\u00e9ploy\u00e9es. Le plumage noir et blanc, ainsi que le bec rouge, long et pointu sont les caract\u00e9ristiques particuliers de cette esp\u00e8ce.<\/p>\n<\/div><\/section><br \/>\n\n<style type=\"text\/css\" data-created_by=\"avia_inline_auto\" id=\"style-css-av-k5xxu8zy-9e38bb384e7965bcf0b6066f6045c1b2\">\n\n@media only screen and (min-width: 768px) and (max-width: 989px){ \n#top #wrap_all .avia-slideshow .av-slideshow-caption.av-k5xxu8zy-9e38bb384e7965bcf0b6066f6045c1b2__3 .avia-caption-title{\nfont-size:,;\n}\n}\n\n@media only screen and (min-width: 480px) and (max-width: 767px){ \n#top #wrap_all .avia-slideshow .av-slideshow-caption.av-k5xxu8zy-9e38bb384e7965bcf0b6066f6045c1b2__3 .avia-caption-title{\nfont-size:,;\n}\n}\n\n@media only screen and (max-width: 479px){ \n#top #wrap_all .avia-slideshow .av-slideshow-caption.av-k5xxu8zy-9e38bb384e7965bcf0b6066f6045c1b2__3 .avia-caption-title{\nfont-size:,;\n}\n}\n<\/style>\n<div  class='avia-slideshow av-k5xxu8zy-9e38bb384e7965bcf0b6066f6045c1b2 avia-slideshow-gallery av_slideshow avia-slide-slider  avia-builder-el-9  el_after_av_textblock  el_before_av_textblock  av-slideshow-ui av-control-minimal av-slideshow-autoplay av-loop-endless av-loop-manual-endless av-default-height-applied avia-slideshow-2' data-slideshow-options=\"{&quot;animation&quot;:&quot;slide&quot;,&quot;autoplay&quot;:true,&quot;loop_autoplay&quot;:&quot;endless&quot;,&quot;interval&quot;:5,&quot;loop_manual&quot;:&quot;manual-endless&quot;,&quot;autoplay_stopper&quot;:false,&quot;noNavigation&quot;:false,&quot;bg_slider&quot;:false,&quot;keep_padding&quot;:false,&quot;hoverpause&quot;:false,&quot;show_slide_delay&quot;:0}\"  itemprop=\"image\" itemscope=\"itemscope\" itemtype=\"https:\/\/schema.org\/ImageObject\" ><ul class='avia-slideshow-inner ' style='padding-bottom: 78.8165680473%;'><li  class='avia-slideshow-slide av-k5xxu8zy-9e38bb384e7965bcf0b6066f6045c1b2__0  slide-1 slide-odd'><div data-rel='slideshow-2' class='avia-slide-wrap '   ><img decoding=\"async\" fetchpriority=\"high\" class=\"wp-image-20439 avia-img-lazy-loading-not-20439\"  src=\"https:\/\/www.affenberg-salem.de\/wp-content\/uploads\/6Y2A7823-845x666.jpg\" width=\"845\" height=\"666\" title='' alt=''  itemprop=\"thumbnailUrl\"   \/><\/div><\/li><li  class='avia-slideshow-slide av-k5xxu8zy-9e38bb384e7965bcf0b6066f6045c1b2__1  slide-2 slide-even'><div data-rel='slideshow-2' class='avia-slide-wrap '   ><img decoding=\"async\" fetchpriority=\"high\" class=\"wp-image-20438 avia-img-lazy-loading-not-20438\"  src=\"https:\/\/www.affenberg-salem.de\/wp-content\/uploads\/Bild-3-1-845x667.jpg\" width=\"845\" height=\"667\" title='' alt=''  itemprop=\"thumbnailUrl\"   \/><\/div><\/li><li  class='avia-slideshow-slide av-k5xxu8zy-9e38bb384e7965bcf0b6066f6045c1b2__2  slide-3 slide-odd'><div data-rel='slideshow-2' class='avia-slide-wrap '   ><img decoding=\"async\" fetchpriority=\"high\" class=\"wp-image-20437 avia-img-lazy-loading-not-20437\"  src=\"https:\/\/www.affenberg-salem.de\/wp-content\/uploads\/6Y2A7775-845x666.jpg\" width=\"845\" height=\"666\" title='' alt=''  itemprop=\"thumbnailUrl\"   \/><\/div><\/li><li  class='avia-slideshow-slide av-k5xxu8zy-9e38bb384e7965bcf0b6066f6045c1b2__3  slide-4 slide-even'><div data-rel='slideshow-2' class='avia-slide-wrap '   ><img decoding=\"async\" fetchpriority=\"high\" class=\"wp-image-20441 avia-img-lazy-loading-not-20441\"  src=\"https:\/\/www.affenberg-salem.de\/wp-content\/uploads\/2020\/01\/DSC_1421-845x666.jpg\" width=\"845\" height=\"666\" title='' alt=''  itemprop=\"thumbnailUrl\"   \/><\/div><\/li><\/ul><div class='avia-slideshow-arrows avia-slideshow-controls' ><a href='#prev' class='prev-slide  avia-svg-icon avia-font-svg_entypo-fontello' data-av_svg_icon='left-open-big' data-av_iconset='svg_entypo-fontello' tabindex='-1' title=\"Pr\u00e9c\u00e9dent\"><svg version=\"1.1\" xmlns=\"http:\/\/www.w3.org\/2000\/svg\" width=\"15\" height=\"32\" viewBox=\"0 0 15 32\" preserveAspectRatio=\"xMidYMid meet\" aria-labelledby='av-svg-title-1' aria-describedby='av-svg-desc-1' role=\"graphics-symbol\" aria-hidden=\"true\">\n<title id='av-svg-title-1'>Pr\u00e9c\u00e9dent<\/title>\n<desc id='av-svg-desc-1'>Pr\u00e9c\u00e9dent<\/desc>\n<path d=\"M14.464 27.84q0.832 0.832 0 1.536-0.832 0.832-1.536 0l-12.544-12.608q-0.768-0.768 0-1.6l12.544-12.608q0.704-0.832 1.536 0 0.832 0.704 0 1.536l-11.456 11.904z\"><\/path>\n<\/svg><span class='avia_hidden_link_text'>Pr\u00e9c\u00e9dent<\/span><\/a><a href='#next' class='next-slide  avia-svg-icon avia-font-svg_entypo-fontello' data-av_svg_icon='right-open-big' data-av_iconset='svg_entypo-fontello' tabindex='-1' title=\"Suivant\"><svg version=\"1.1\" xmlns=\"http:\/\/www.w3.org\/2000\/svg\" width=\"15\" height=\"32\" viewBox=\"0 0 15 32\" preserveAspectRatio=\"xMidYMid meet\" aria-labelledby='av-svg-title-2' aria-describedby='av-svg-desc-2' role=\"graphics-symbol\" aria-hidden=\"true\">\n<title id='av-svg-title-2'>Suivant<\/title>\n<desc id='av-svg-desc-2'>Suivant<\/desc>\n<path d=\"M0.416 27.84l11.456-11.84-11.456-11.904q-0.832-0.832 0-1.536 0.832-0.832 1.536 0l12.544 12.608q0.768 0.832 0 1.6l-12.544 12.608q-0.704 0.832-1.536 0-0.832-0.704 0-1.536z\"><\/path>\n<\/svg><span class='avia_hidden_link_text'>Suivant<\/span><\/a><\/div><div class='avia-slideshow-dots avia-slideshow-controls'><a href='#1' class='goto-slide active' >1<\/a><a href='#2' class='goto-slide ' >2<\/a><a href='#3' class='goto-slide ' >3<\/a><a href='#4' class='goto-slide ' >4<\/a><\/div><\/div><br \/>\n<section  class='av_textblock_section av-k5xwrfc9-aff02ca11e35da4af9ea727114bb77ed '   itemscope=\"itemscope\" itemtype=\"https:\/\/schema.org\/CreativeWork\" ><div class='avia_textblock'  itemprop=\"text\" ><p>Environ 50 couples de cigognes couvent au Affenberg chaque ann\u00e9e. On entend d\u00e9j\u00e0 au Parking le claquement fort du bec. La cigogne blanche est devenue tr\u00e8s rare vers la fin des ann\u00e9es 70 \u00e0 Baden-W\u00fcrttemberg. Il existait seulement 15 couples.<\/p>\n<p>La cr\u00e9ation de la station de cigognes au Affenberg en 1978 et l\u2019action de reintroduction (renaturation) de l\u2019esp\u00e8ce dans la r\u00e9gion ont permi d\u2019augmenter le nombre de cigognes actuellement jusqu\u2019\u00e0 plus de 1000 couples.<\/p>\n<p>Vous obtiendrez beaucoup plus d\u2019informations sur cette esp\u00e8ce \u00e9l\u00e9gante pendant nos s\u00e9ances de nourrissage.<\/p>\n<\/div><\/section><br \/>\n<div  class='avia-button-wrap av-k5xwsmf4-75fee8d36e6785705cd5e4daa0078c85-wrap avia-button-left  avia-builder-el-11  el_after_av_textblock  el_before_av_textblock '>\n<style type=\"text\/css\" data-created_by=\"avia_inline_auto\" id=\"style-css-av-k5xwsmf4-75fee8d36e6785705cd5e4daa0078c85\">\n#top #wrap_all .avia-button.av-k5xwsmf4-75fee8d36e6785705cd5e4daa0078c85{\nbackground-color:#dfd633;\nborder-color:#dfd633;\ncolor:#000000;\ntransition:all 0.4s ease-in-out;\n}\n#top #wrap_all .avia-button.av-k5xwsmf4-75fee8d36e6785705cd5e4daa0078c85 .avia-svg-icon svg:first-child{\nfill:#000000;\nstroke:#000000;\n}\n<\/style>\n<a href='https:\/\/www.affenberg-salem.de\/fr\/les-seances-de-nourrissage\/'  class='avia-button av-k5xwsmf4-75fee8d36e6785705cd5e4daa0078c85 av-link-btn avia-icon_select-yes-left-icon avia-size-medium avia-position-left'   aria-label=\"Les s\u00e9ances de nourrissage\"><span class='avia_button_icon avia_button_icon_left avia-iconfont avia-font-entypo-fontello' data-av_icon='\ue81e' data-av_iconfont='entypo-fontello' ><\/span><span class='avia_iconbox_title' >Les s\u00e9ances de nourrissage<\/span><\/a><\/div><br \/>\n<section  class='av_textblock_section av-k5z71mhl-cdb551fee2d511d3c0d125570ed85900 '   itemscope=\"itemscope\" itemtype=\"https:\/\/schema.org\/CreativeWork\" ><div class='avia_textblock'  itemprop=\"text\" ><p>\n<style type=\"text\/css\" data-created_by=\"avia_inline_auto\" id=\"style-css-av-1paelr2-b26287552e67311a3dafce65af34bac1\">\n.av_font_icon.av-1paelr2-b26287552e67311a3dafce65af34bac1{\ncolor:#83a846;\nborder-color:#83a846;\n}\n.avia-svg-icon.av-1paelr2-b26287552e67311a3dafce65af34bac1 svg:first-child{\nstroke:#83a846;\nfill:#83a846;\n}\n.av_font_icon.av-1paelr2-b26287552e67311a3dafce65af34bac1 .av-icon-char{\nfont-size:20px;\nline-height:20px;\n}\n<\/style>\n<span  class='av_font_icon av-1paelr2-b26287552e67311a3dafce65af34bac1 avia_animate_when_visible av-icon-style- avia-icon-pos-right avia-iconfont avia-font-entypo-fontello avia-icon-animate'><span class='av-icon-char' data-av_icon='\ue875' data-av_iconfont='entypo-fontello' aria-hidden=\"true\" ><\/span><\/span>\n<style type=\"text\/css\" data-created_by=\"avia_inline_auto\" id=\"style-css-av-16zmgvy-0a460dfb3f7f102d6766f1dc12591748\">\n.av_font_icon.av-16zmgvy-0a460dfb3f7f102d6766f1dc12591748{\ncolor:#83a846;\nborder-color:#83a846;\n}\n.avia-svg-icon.av-16zmgvy-0a460dfb3f7f102d6766f1dc12591748 svg:first-child{\nstroke:#83a846;\nfill:#83a846;\n}\n.av_font_icon.av-16zmgvy-0a460dfb3f7f102d6766f1dc12591748 .av-icon-char{\nfont-size:20px;\nline-height:20px;\n}\n<\/style>\n<span  class='av_font_icon av-16zmgvy-0a460dfb3f7f102d6766f1dc12591748 avia_animate_when_visible av-icon-style- avia-icon-pos-right avia-iconfont avia-font-entypo-fontello avia-icon-animate'><span class='av-icon-char' data-av_icon='\ue875' data-av_iconfont='entypo-fontello' aria-hidden=\"true\" ><\/span><\/span>\n<style type=\"text\/css\" data-created_by=\"avia_inline_auto\" id=\"style-css-av-2xkgke-fbcee2d8d34bb55326c17e067641e5ee\">\n.av_font_icon.av-2xkgke-fbcee2d8d34bb55326c17e067641e5ee{\ncolor:#83a846;\nborder-color:#83a846;\n}\n.avia-svg-icon.av-2xkgke-fbcee2d8d34bb55326c17e067641e5ee svg:first-child{\nstroke:#83a846;\nfill:#83a846;\n}\n.av_font_icon.av-2xkgke-fbcee2d8d34bb55326c17e067641e5ee .av-icon-char{\nfont-size:20px;\nline-height:20px;\n}\n<\/style>\n<span  class='av_font_icon av-2xkgke-fbcee2d8d34bb55326c17e067641e5ee avia_animate_when_visible av-icon-style- avia-icon-pos-right avia-iconfont avia-font-entypo-fontello avia-icon-animate'><span class='av-icon-char' data-av_icon='\ue875' data-av_iconfont='entypo-fontello' aria-hidden=\"true\" ><\/span><\/span><\/p>\n<p style=\"text-align: right;\"><u style=\"text-align: right;\"><a href=\"https:\/\/www.affenberg-salem.de\/fr\/les-daims\/\">Les daims<\/a><\/u><\/p>\n<\/div><\/section><\/p><\/div><\/div><\/div><\/div><!-- close content main div --><\/div><\/div><div id='after_section_1'  class='main_color av_default_container_wrap container_wrap sidebar_right'  ><div class='container av-section-cont-open' ><div class='template-page content  av-content-small alpha units'><div class='post-entry post-entry-type-page post-entry-17503'><div class='entry-content-wrapper clearfix'>\n","protected":false},"excerpt":{"rendered":"","protected":false},"author":3,"featured_media":0,"parent":0,"menu_order":0,"comment_status":"closed","ping_status":"closed","template":"","meta":{"footnotes":""},"class_list":["post-17503","page","type-page","status-publish","hentry"],"_links":{"self":[{"href":"https:\/\/www.affenberg-salem.de\/fr\/wp-json\/wp\/v2\/pages\/17503","targetHints":{"allow":["GET"]}}],"collection":[{"href":"https:\/\/www.affenberg-salem.de\/fr\/wp-json\/wp\/v2\/pages"}],"about":[{"href":"https:\/\/www.affenberg-salem.de\/fr\/wp-json\/wp\/v2\/types\/page"}],"author":[{"embeddable":true,"href":"https:\/\/www.affenberg-salem.de\/fr\/wp-json\/wp\/v2\/users\/3"}],"replies":[{"embeddable":true,"href":"https:\/\/www.affenberg-salem.de\/fr\/wp-json\/wp\/v2\/comments?post=17503"}],"version-history":[{"count":0,"href":"https:\/\/www.affenberg-salem.de\/fr\/wp-json\/wp\/v2\/pages\/17503\/revisions"}],"wp:attachment":[{"href":"https:\/\/www.affenberg-salem.de\/fr\/wp-json\/wp\/v2\/media?parent=17503"}],"curies":[{"name":"wp","href":"https:\/\/api.w.org\/{rel}","templated":true}]}}