{"id":17520,"date":"2020-06-23T16:33:45","date_gmt":"2020-06-23T14:33:45","guid":{"rendered":"https:\/\/www.affenberg-salem.de\/weiher\/"},"modified":"2020-06-23T16:35:27","modified_gmt":"2020-06-23T14:35:27","slug":"letang","status":"publish","type":"page","link":"https:\/\/www.affenberg-salem.de\/fr\/letang\/","title":{"rendered":"L\u2019\u00e9tang"},"content":{"rendered":"<div id='full_slider_1'  class='avia-fullwidth-slider main_color avia-shadow   avia-builder-el-0  el_before_av_section  avia-builder-el-first   container_wrap sidebar_right'  ><div  class='avia-slideshow av-k5z6kwm8-5806b0c6212e4a2c48f17c1f522baf61 avia-slideshow-extra_large av_slideshow_full avia-slide-slider av-slideshow-ui av-control-default av-slideshow-manual av-loop-once av-loop-manual-endless av-default-height-applied   avia-slideshow-1' data-slideshow-options=\"{&quot;animation&quot;:&quot;slide&quot;,&quot;autoplay&quot;:false,&quot;loop_autoplay&quot;:&quot;once&quot;,&quot;interval&quot;:5,&quot;loop_manual&quot;:&quot;manual-endless&quot;,&quot;autoplay_stopper&quot;:false,&quot;noNavigation&quot;:false,&quot;bg_slider&quot;:false,&quot;keep_padding&quot;:false,&quot;hoverpause&quot;:false,&quot;show_slide_delay&quot;:0}\"  itemprop=\"image\" itemscope=\"itemscope\" itemtype=\"https:\/\/schema.org\/ImageObject\" ><ul class='avia-slideshow-inner ' style='padding-bottom: 60%;'><li  class='avia-slideshow-slide av-k5z6kwm8-5806b0c6212e4a2c48f17c1f522baf61__0  av-single-slide slide-1 slide-odd'><div data-rel='slideshow-1' class='avia-slide-wrap '   ><img decoding=\"async\" fetchpriority=\"high\" class=\"wp-image-20520 avia-img-lazy-loading-not-20520\"  src=\"https:\/\/www.affenberg-salem.de\/wp-content\/uploads\/2020\/02\/6Y2A4755.jpg\" width=\"1500\" height=\"900\" title='' alt=''  itemprop=\"thumbnailUrl\" srcset=\"https:\/\/www.affenberg-salem.de\/wp-content\/uploads\/2020\/02\/6Y2A4755.jpg 1500w, https:\/\/www.affenberg-salem.de\/wp-content\/uploads\/2020\/02\/6Y2A4755-300x180.jpg 300w, https:\/\/www.affenberg-salem.de\/wp-content\/uploads\/2020\/02\/6Y2A4755-1030x618.jpg 1030w, https:\/\/www.affenberg-salem.de\/wp-content\/uploads\/2020\/02\/6Y2A4755-705x423.jpg 705w\" sizes=\"(max-width: 1500px) 100vw, 1500px\" \/><\/div><\/li><\/ul><\/div><\/div>\n<div id='av_section_1'  class='avia-section av-4kmpxk8-12039b8fac91b382eb9454b9195a080a main_color avia-section-default avia-no-border-styling  avia-builder-el-1  el_after_av_slideshow_full  avia-builder-el-last  avia-bg-style-scroll container_wrap sidebar_right'  ><div class='container av-section-cont-open' ><div class='template-page content  av-content-small alpha units'><div class='post-entry post-entry-type-page post-entry-17520'><div class='entry-content-wrapper clearfix'>\n\n<style type=\"text\/css\" data-created_by=\"avia_inline_auto\" id=\"style-css-av-3selfew-37c3e3603ddebefedca51f77f803431d\">\n.flex_column.av-3selfew-37c3e3603ddebefedca51f77f803431d{\nborder-radius:0px 0px 0px 0px;\npadding:0px 0px 0px 0px;\n}\n<\/style>\n<div  class='flex_column av-3selfew-37c3e3603ddebefedca51f77f803431d av_one_third  avia-builder-el-2  el_before_av_two_third  avia-builder-el-first  first flex_column_div av-zero-column-padding  '     ><div  class='avia-builder-widget-area clearfix  avia-builder-el-3  avia-builder-el-no-sibling '><div id=\"custom_html-12\" class=\"widget_text widget clearfix widget_custom_html\"><div class=\"textwidget custom-html-widget\"><div class=\"besuchplanen\">Infos pratiques<\/div><\/div><\/div><div id=\"nav_menu-4\" class=\"widget clearfix widget_nav_menu\"><div class=\"menu-quickmenu1-franzoesisch-container\"><ul id=\"menu-quickmenu1-franzoesisch\" class=\"menu\"><li id=\"menu-item-17662\" class=\"menu-item menu-item-type-post_type menu-item-object-page menu-item-17662\"><a href=\"https:\/\/www.affenberg-salem.de\/fr\/horaires-tarifs\/\">Horaires &#038; Tarifs<\/a><\/li>\n<li id=\"menu-item-17664\" class=\"menu-item menu-item-type-post_type menu-item-object-page menu-item-17664\"><a href=\"https:\/\/www.affenberg-salem.de\/fr\/anfahrt\/\">Acc\u00e8s<\/a><\/li>\n<li id=\"menu-item-17665\" class=\"menu-item menu-item-type-post_type menu-item-object-page menu-item-17665\"><a href=\"https:\/\/www.affenberg-salem.de\/fr\/les-seances-de-nourrissage\/\">Les s\u00e9ances de nourrissage<\/a><\/li>\n<li id=\"menu-item-17666\" class=\"menu-item menu-item-type-post_type menu-item-object-page menu-item-17666\"><a href=\"https:\/\/www.affenberg-salem.de\/fr\/groupes-et-groupes-scolaires\/\">Groupes et groupes scolaires<\/a><\/li>\n<li id=\"menu-item-17667\" class=\"menu-item menu-item-type-post_type menu-item-object-page menu-item-17667\"><a href=\"https:\/\/www.affenberg-salem.de\/fr\/le-temps\/\">Le temps<\/a><\/li>\n<li id=\"menu-item-17668\" class=\"menu-item menu-item-type-post_type menu-item-object-page menu-item-17668\"><a href=\"https:\/\/www.affenberg-salem.de\/fr\/faq\/\">FAQ<\/a><\/li>\n<li id=\"menu-item-17669\" class=\"menu-item menu-item-type-post_type menu-item-object-page menu-item-17669\"><a href=\"https:\/\/www.affenberg-salem.de\/fr\/plan-du-parc\/\">Plan du parc<\/a><\/li>\n<\/ul><\/div><\/div><\/div><\/div>\n<style type=\"text\/css\" data-created_by=\"avia_inline_auto\" id=\"style-css-av-3i37894-95d82ed6a878dd2b98aef1a33659f76d\">\n.flex_column.av-3i37894-95d82ed6a878dd2b98aef1a33659f76d{\nborder-radius:0px 0px 0px 0px;\npadding:0px 0px 0px 0px;\n}\n<\/style>\n<div  class='flex_column av-3i37894-95d82ed6a878dd2b98aef1a33659f76d av_two_third  avia-builder-el-4  el_after_av_one_third  avia-builder-el-last  flex_column_div av-zero-column-padding  '     ><p>\n<style type=\"text\/css\" data-created_by=\"avia_inline_auto\" id=\"style-css-av-kbs154pg-758831e35717c16f51974a72da53d567\">\n#top .av-special-heading.av-kbs154pg-758831e35717c16f51974a72da53d567{\npadding-bottom:10px;\n}\nbody .av-special-heading.av-kbs154pg-758831e35717c16f51974a72da53d567 .av-special-heading-tag .heading-char{\nfont-size:25px;\n}\n.av-special-heading.av-kbs154pg-758831e35717c16f51974a72da53d567 .av-subheading{\nfont-size:15px;\n}\n<\/style>\n<div  class='av-special-heading av-kbs154pg-758831e35717c16f51974a72da53d567 av-special-heading-h1  avia-builder-el-5  el_before_av_hr  avia-builder-el-first '><h1 class='av-special-heading-tag '  itemprop=\"headline\"  >L\u2019\u00e9tang avec les diff\u00e9rentes esp\u00e8ces d\u2019oiseaux d\u2019eau<\/h1><div class=\"special-heading-border\"><div class=\"special-heading-inner-border\"><\/div><\/div><\/div><br \/>\n\n<style type=\"text\/css\" data-created_by=\"avia_inline_auto\" id=\"style-css-av-k690p3gd-28a09b92f3f089783fb135e1e7a7a539\">\n#top .hr.hr-invisible.av-k690p3gd-28a09b92f3f089783fb135e1e7a7a539{\nheight:10px;\n}\n<\/style>\n<div  class='hr av-k690p3gd-28a09b92f3f089783fb135e1e7a7a539 hr-invisible  avia-builder-el-6  el_after_av_heading  el_before_av_textblock '><span class='hr-inner '><span class=\"hr-inner-style\"><\/span><\/span><\/div><br \/>\n<section  class='av_textblock_section av-k5z6g66j-84b5d3869911968c2ada15e3d1d185b4 '   itemscope=\"itemscope\" itemtype=\"https:\/\/schema.org\/CreativeWork\" ><div class='avia_textblock'  itemprop=\"text\" ><p>\u201eL\u2019\u00e9tang des cigognes\u201c a \u00e9t\u00e9 cr\u00e9e en 1977, et est devenue un refuge id\u00e9ale pour beaucoup d\u2019oiseaux sauvages.<\/p>\n<p>Les cygnes, les oies cendr\u00e9es, diff\u00e9rentes esp\u00e8ces de canard, les foulques, les gr\u00e8bes hupp\u00e9s et d\u2019autres esp\u00e8ces y couvent chaque ann\u00e9e et y \u00e9levent leurs petits.<\/p>\n<\/div><\/section><br \/>\n<div  class='avia-slideshow av-k5z6wygr-4bd0524083cec6972352fe28cc2873fd avia-slideshow-gallery av_slideshow avia-slide-slider  avia-builder-el-8  el_after_av_textblock  el_before_av_textblock  av-slideshow-ui av-control-minimal av-slideshow-autoplay av-loop-endless av-loop-manual-endless av-default-height-applied avia-slideshow-2' data-slideshow-options=\"{&quot;animation&quot;:&quot;slide&quot;,&quot;autoplay&quot;:true,&quot;loop_autoplay&quot;:&quot;endless&quot;,&quot;interval&quot;:5,&quot;loop_manual&quot;:&quot;manual-endless&quot;,&quot;autoplay_stopper&quot;:false,&quot;noNavigation&quot;:false,&quot;bg_slider&quot;:false,&quot;keep_padding&quot;:false,&quot;hoverpause&quot;:false,&quot;show_slide_delay&quot;:0}\"  itemprop=\"image\" itemscope=\"itemscope\" itemtype=\"https:\/\/schema.org\/ImageObject\" ><ul class='avia-slideshow-inner ' style='padding-bottom: 78.8165680473%;'><li  class='avia-slideshow-slide av-k5z6wygr-4bd0524083cec6972352fe28cc2873fd__0  slide-1 slide-odd'><div data-rel='slideshow-2' class='avia-slide-wrap '   ><img decoding=\"async\" fetchpriority=\"high\" class=\"wp-image-20451 avia-img-lazy-loading-not-20451\"  src=\"https:\/\/www.affenberg-salem.de\/wp-content\/uploads\/2020\/01\/LIX_IMG_Affenberg_Lehecka_2019-08-31_129a-845x666.jpg\" width=\"845\" height=\"666\" title='Affenberg in Salem: Fotoshootings Familie Lehecka aus G\u00f6ppingen' alt=''  itemprop=\"thumbnailUrl\"   \/><\/div><\/li><li  class='avia-slideshow-slide av-k5z6wygr-4bd0524083cec6972352fe28cc2873fd__1  slide-2 slide-even'><div data-rel='slideshow-2' class='avia-slide-wrap '   ><img decoding=\"async\" fetchpriority=\"high\" class=\"wp-image-20447 avia-img-lazy-loading-not-20447\"  src=\"https:\/\/www.affenberg-salem.de\/wp-content\/uploads\/2020\/01\/DSC_4124-845x666.jpg\" width=\"845\" height=\"666\" title='' alt=''  itemprop=\"thumbnailUrl\"   \/><\/div><\/li><li  class='avia-slideshow-slide av-k5z6wygr-4bd0524083cec6972352fe28cc2873fd__2  slide-3 slide-odd'><div data-rel='slideshow-2' class='avia-slide-wrap '   ><img decoding=\"async\" fetchpriority=\"high\" class=\"wp-image-20449 avia-img-lazy-loading-not-20449\"  src=\"https:\/\/www.affenberg-salem.de\/wp-content\/uploads\/2020\/01\/IMG_0231-845x666.jpg\" width=\"845\" height=\"666\" title='' alt=''  itemprop=\"thumbnailUrl\"   \/><\/div><\/li><li  class='avia-slideshow-slide av-k5z6wygr-4bd0524083cec6972352fe28cc2873fd__3  slide-4 slide-even'><div data-rel='slideshow-2' class='avia-slide-wrap '   ><img decoding=\"async\" fetchpriority=\"high\" class=\"wp-image-20448 avia-img-lazy-loading-not-20448\"  src=\"https:\/\/www.affenberg-salem.de\/wp-content\/uploads\/2020\/01\/DSC_4164-845x666.jpg\" width=\"845\" height=\"666\" title='' alt=''  itemprop=\"thumbnailUrl\"   \/><\/div><\/li><li  class='avia-slideshow-slide av-k5z6wygr-4bd0524083cec6972352fe28cc2873fd__4  slide-5 slide-odd'><div data-rel='slideshow-2' class='avia-slide-wrap '   ><img decoding=\"async\" fetchpriority=\"high\" class=\"wp-image-20450 avia-img-lazy-loading-not-20450\"  src=\"https:\/\/www.affenberg-salem.de\/wp-content\/uploads\/2020\/01\/IMG_7892-845x666.jpg\" width=\"845\" height=\"666\" title='' alt=''  itemprop=\"thumbnailUrl\"   \/><\/div><\/li><li  class='avia-slideshow-slide av-k5z6wygr-4bd0524083cec6972352fe28cc2873fd__5  slide-6 slide-even'><div data-rel='slideshow-2' class='avia-slide-wrap '   ><img decoding=\"async\" fetchpriority=\"high\" class=\"wp-image-20452 avia-img-lazy-loading-not-20452\"  src=\"https:\/\/www.affenberg-salem.de\/wp-content\/uploads\/2020\/01\/N0000384-Kopie-845x666.jpg\" width=\"845\" height=\"666\" title='' alt=''  itemprop=\"thumbnailUrl\"   \/><\/div><\/li><\/ul><div class='avia-slideshow-arrows avia-slideshow-controls' ><a href='#prev' class='prev-slide  avia-svg-icon avia-font-svg_entypo-fontello' data-av_svg_icon='left-open-big' data-av_iconset='svg_entypo-fontello' tabindex='-1' title=\"Pr\u00e9c\u00e9dent\"><svg version=\"1.1\" xmlns=\"http:\/\/www.w3.org\/2000\/svg\" width=\"15\" height=\"32\" viewBox=\"0 0 15 32\" preserveAspectRatio=\"xMidYMid meet\" aria-labelledby='av-svg-title-1' aria-describedby='av-svg-desc-1' role=\"graphics-symbol\" aria-hidden=\"true\">\n<title id='av-svg-title-1'>Pr\u00e9c\u00e9dent<\/title>\n<desc id='av-svg-desc-1'>Pr\u00e9c\u00e9dent<\/desc>\n<path d=\"M14.464 27.84q0.832 0.832 0 1.536-0.832 0.832-1.536 0l-12.544-12.608q-0.768-0.768 0-1.6l12.544-12.608q0.704-0.832 1.536 0 0.832 0.704 0 1.536l-11.456 11.904z\"><\/path>\n<\/svg><span class='avia_hidden_link_text'>Pr\u00e9c\u00e9dent<\/span><\/a><a href='#next' class='next-slide  avia-svg-icon avia-font-svg_entypo-fontello' data-av_svg_icon='right-open-big' data-av_iconset='svg_entypo-fontello' tabindex='-1' title=\"Suivant\"><svg version=\"1.1\" xmlns=\"http:\/\/www.w3.org\/2000\/svg\" width=\"15\" height=\"32\" viewBox=\"0 0 15 32\" preserveAspectRatio=\"xMidYMid meet\" aria-labelledby='av-svg-title-2' aria-describedby='av-svg-desc-2' role=\"graphics-symbol\" aria-hidden=\"true\">\n<title id='av-svg-title-2'>Suivant<\/title>\n<desc id='av-svg-desc-2'>Suivant<\/desc>\n<path d=\"M0.416 27.84l11.456-11.84-11.456-11.904q-0.832-0.832 0-1.536 0.832-0.832 1.536 0l12.544 12.608q0.768 0.832 0 1.6l-12.544 12.608q-0.704 0.832-1.536 0-0.832-0.704 0-1.536z\"><\/path>\n<\/svg><span class='avia_hidden_link_text'>Suivant<\/span><\/a><\/div><div class='avia-slideshow-dots avia-slideshow-controls'><a href='#1' class='goto-slide active' >1<\/a><a href='#2' class='goto-slide ' >2<\/a><a href='#3' class='goto-slide ' >3<\/a><a href='#4' class='goto-slide ' >4<\/a><a href='#5' class='goto-slide ' >5<\/a><a href='#6' class='goto-slide ' >6<\/a><\/div><\/div><br \/>\n<section  class='av_textblock_section av-k5z6g66j-84b5d3869911968c2ada15e3d1d185b4 '   itemscope=\"itemscope\" itemtype=\"https:\/\/schema.org\/CreativeWork\" ><div class='avia_textblock'  itemprop=\"text\" ><p>Une rousserolle chante entre les roseaux, un h\u00e9ron est entrain de capturer un poisson, un martin p\u00eacheur avec le plumage bleu et orange brillant plane au dessus de l\u2019eau pour guetter son proie. Les gros carpes qui nagent dans l\u2019eau: une occasion in\u00e9dite pour apprendre \u00e0 observer la nature.<\/p>\n<p>Des plate-formes mirador install\u00e9es autour de l\u2019\u00e9tang permettent d\u2019appr\u00e9cier la vue et la beaut\u00e9 de ces multiples formes de vie dans la nature.<\/p>\n<p>Gratuit: une boite plein de bl\u00e9 mise \u00e0 disposition pour les visiteurs se trouve juste \u00e0 c\u00f4t\u00e9 de l\u2019all\u00e9e pour nourrir les poissons.<\/p>\n<\/div><\/section><br \/>\n<section  class='av_textblock_section av-k5z71mhl-cdb551fee2d511d3c0d125570ed85900 '   itemscope=\"itemscope\" itemtype=\"https:\/\/schema.org\/CreativeWork\" ><div class='avia_textblock'  itemprop=\"text\" ><p>\n<style type=\"text\/css\" data-created_by=\"avia_inline_auto\" id=\"style-css-av-1pa3vzc-fafd975a425e4caf7272c72bb0ee7a70\">\n.av_font_icon.av-1pa3vzc-fafd975a425e4caf7272c72bb0ee7a70{\ncolor:#83a846;\nborder-color:#83a846;\n}\n.avia-svg-icon.av-1pa3vzc-fafd975a425e4caf7272c72bb0ee7a70 svg:first-child{\nstroke:#83a846;\nfill:#83a846;\n}\n.av_font_icon.av-1pa3vzc-fafd975a425e4caf7272c72bb0ee7a70 .av-icon-char{\nfont-size:20px;\nline-height:20px;\n}\n<\/style>\n<span  class='av_font_icon av-1pa3vzc-fafd975a425e4caf7272c72bb0ee7a70 avia_animate_when_visible av-icon-style- avia-icon-pos-right avia-iconfont avia-font-entypo-fontello avia-icon-animate'><span class='av-icon-char' data-av_icon='\ue875' data-av_iconfont='entypo-fontello' aria-hidden=\"true\" ><\/span><\/span>\n<style type=\"text\/css\" data-created_by=\"avia_inline_auto\" id=\"style-css-av-19zg2ko-7622ddd6306f4429fc5c683e6431ecbc\">\n.av_font_icon.av-19zg2ko-7622ddd6306f4429fc5c683e6431ecbc{\ncolor:#83a846;\nborder-color:#83a846;\n}\n.avia-svg-icon.av-19zg2ko-7622ddd6306f4429fc5c683e6431ecbc svg:first-child{\nstroke:#83a846;\nfill:#83a846;\n}\n.av_font_icon.av-19zg2ko-7622ddd6306f4429fc5c683e6431ecbc .av-icon-char{\nfont-size:20px;\nline-height:20px;\n}\n<\/style>\n<span  class='av_font_icon av-19zg2ko-7622ddd6306f4429fc5c683e6431ecbc avia_animate_when_visible av-icon-style- avia-icon-pos-right avia-iconfont avia-font-entypo-fontello avia-icon-animate'><span class='av-icon-char' data-av_icon='\ue875' data-av_iconfont='entypo-fontello' aria-hidden=\"true\" ><\/span><\/span>\n<style type=\"text\/css\" data-created_by=\"avia_inline_auto\" id=\"style-css-av-ln8fl4-5c7e34e398a68210b15471621c65e744\">\n.av_font_icon.av-ln8fl4-5c7e34e398a68210b15471621c65e744{\ncolor:#83a846;\nborder-color:#83a846;\n}\n.avia-svg-icon.av-ln8fl4-5c7e34e398a68210b15471621c65e744 svg:first-child{\nstroke:#83a846;\nfill:#83a846;\n}\n.av_font_icon.av-ln8fl4-5c7e34e398a68210b15471621c65e744 .av-icon-char{\nfont-size:20px;\nline-height:20px;\n}\n<\/style>\n<span  class='av_font_icon av-ln8fl4-5c7e34e398a68210b15471621c65e744 avia_animate_when_visible av-icon-style- avia-icon-pos-right avia-iconfont avia-font-entypo-fontello avia-icon-animate'><span class='av-icon-char' data-av_icon='\ue875' data-av_iconfont='entypo-fontello' aria-hidden=\"true\" ><\/span><\/span><\/p>\n<p style=\"text-align: right;\"><u style=\"text-align: right;\"><a href=\"https:\/\/www.affenberg-salem.de\/fr\/la-restauration-biergarten\/\">La restauration &amp; Biergarten<\/a><\/u><\/p>\n<\/div><\/section><\/p><\/div><\/div><\/div><\/div><!-- close content main div --><\/div><\/div><div id='after_section_1'  class='main_color av_default_container_wrap container_wrap sidebar_right'  ><div class='container av-section-cont-open' ><div class='template-page content  av-content-small alpha units'><div class='post-entry post-entry-type-page post-entry-17520'><div class='entry-content-wrapper clearfix'>\n","protected":false},"excerpt":{"rendered":"","protected":false},"author":3,"featured_media":0,"parent":0,"menu_order":0,"comment_status":"closed","ping_status":"closed","template":"","meta":{"footnotes":""},"class_list":["post-17520","page","type-page","status-publish","hentry"],"_links":{"self":[{"href":"https:\/\/www.affenberg-salem.de\/fr\/wp-json\/wp\/v2\/pages\/17520","targetHints":{"allow":["GET"]}}],"collection":[{"href":"https:\/\/www.affenberg-salem.de\/fr\/wp-json\/wp\/v2\/pages"}],"about":[{"href":"https:\/\/www.affenberg-salem.de\/fr\/wp-json\/wp\/v2\/types\/page"}],"author":[{"embeddable":true,"href":"https:\/\/www.affenberg-salem.de\/fr\/wp-json\/wp\/v2\/users\/3"}],"replies":[{"embeddable":true,"href":"https:\/\/www.affenberg-salem.de\/fr\/wp-json\/wp\/v2\/comments?post=17520"}],"version-history":[{"count":0,"href":"https:\/\/www.affenberg-salem.de\/fr\/wp-json\/wp\/v2\/pages\/17520\/revisions"}],"wp:attachment":[{"href":"https:\/\/www.affenberg-salem.de\/fr\/wp-json\/wp\/v2\/media?parent=17520"}],"curies":[{"name":"wp","href":"https:\/\/api.w.org\/{rel}","templated":true}]}}